{"id":15751,"date":"2026-04-16T20:02:19","date_gmt":"2026-04-16T20:02:19","guid":{"rendered":"https:\/\/scharfstein.cl\/?post_type=product&#038;p=15751"},"modified":"2026-04-16T21:19:37","modified_gmt":"2026-04-16T21:19:37","slug":"advidia-m-46-v-v2","status":"publish","type":"product","link":"https:\/\/scharfstein.cl\/en\/camaras-de-seguridad\/industrial-comercial\/advidia-m-46-v-v2\/","title":{"rendered":"Advidia M-46-V-V2"},"content":{"rendered":"","protected":false},"excerpt":{"rendered":"<p><strong>C\u00e1mara de Red Tipo Domo Varifocal de 4MP<\/strong><\/p>\n<ul>\n<li>Disponibilidad: Solo disponible en EE. UU. \/ Latinoam\u00e9rica \/ APAC<\/li>\n<li>Resoluci\u00f3n: 4MP ($2688 \\times 1520$)<\/li>\n<li>Lente: Lente motorizado de 2.8-12 mm<\/li>\n<li>Visi\u00f3n Nocturna: LED IR integrado con alcance de hasta 40 m (131 pies)<\/li>\n<li>Rango Din\u00e1mico: WDR de 120dB<\/li>\n<li>Formatos de Compresi\u00f3n: H.265, H.264 y MJPEG<\/li>\n<li>Audio: Micr\u00f3fono integrado<\/li>\n<li>Protecci\u00f3n: Clasificaci\u00f3n IP67 (resistente a la intemperie) e IK10 (antivand\u00e1lica)<\/li>\n<li>Compatibilidad: Perfiles ONVIF G, S, T<\/li>\n<li>Cumplimiento Legal: Cumple con la normativa NDAA<\/li>\n<\/ul>","protected":false},"featured_media":15752,"template":"","meta":[],"product_brand":[],"product_cat":[192,196],"product_tag":[],"class_list":{"0":"post-15751","1":"product","2":"type-product","3":"status-publish","4":"has-post-thumbnail","6":"product_cat-camaras-de-seguridad","7":"product_cat-industrial-comercial","9":"first","10":"instock","11":"featured","12":"taxable","13":"shipping-taxable","14":"product-type-simple"},"yoast_head":"<!-- This site is optimized with the Yoast SEO plugin v27.4 - https:\/\/yoast.com\/product\/yoast-seo-wordpress\/ -->\n<title>Advidia M-46-V-V2 | Scharfstein<\/title>\n<meta name=\"description\" content=\"Descubre Advidia M-46-V-V2: caracter\u00edsticas, beneficios y especificaciones en Scharfstein dise\u00f1ado para ofrecer soluciones confiables\" \/>\n<meta name=\"robots\" content=\"index, follow, max-snippet:-1, max-image-preview:large, max-video-preview:-1\" \/>\n<link rel=\"canonical\" href=\"https:\/\/scharfstein.cl\/en\/camaras-de-seguridad\/industrial-comercial\/advidia-m-46-v-v2\/\" \/>\n<meta name=\"twitter:card\" content=\"summary_large_image\" \/>\n<meta name=\"twitter:title\" content=\"Advidia M-46-V-V2 | Scharfstein\" \/>\n<meta name=\"twitter:description\" content=\"Descubre Advidia M-46-V-V2: caracter\u00edsticas, beneficios y especificaciones en Scharfstein dise\u00f1ado para ofrecer soluciones confiables\" \/>\n<meta name=\"twitter:image\" content=\"https:\/\/scharfstein.cl\/wp-content\/uploads\/2026\/04\/AdividiaM-46-V-V2-.png\" \/>\n<meta name=\"twitter:label1\" content=\"Est. reading time\" \/>\n\t<meta name=\"twitter:data1\" content=\"1 minute\" \/>\n<!-- \/ Yoast SEO plugin. -->","yoast_head_json":{"title":"Advidia M-46-V-V2 | Scharfstein","description":"Descubre Advidia M-46-V-V2: caracter\u00edsticas, beneficios y especificaciones en Scharfstein dise\u00f1ado para ofrecer soluciones confiables","robots":{"index":"index","follow":"follow","max-snippet":"max-snippet:-1","max-image-preview":"max-image-preview:large","max-video-preview":"max-video-preview:-1"},"canonical":"https:\/\/scharfstein.cl\/en\/camaras-de-seguridad\/industrial-comercial\/advidia-m-46-v-v2\/","twitter_card":"summary_large_image","twitter_title":"Advidia M-46-V-V2 | Scharfstein","twitter_description":"Descubre Advidia M-46-V-V2: caracter\u00edsticas, beneficios y especificaciones en Scharfstein dise\u00f1ado para ofrecer soluciones confiables","twitter_image":"https:\/\/scharfstein.cl\/wp-content\/uploads\/2026\/04\/AdividiaM-46-V-V2-.png","twitter_misc":{"Est. reading time":"1 minute"},"schema":{"@context":"https:\/\/schema.org","@graph":[{"@type":"WebPage","@id":"https:\/\/scharfstein.cl\/camaras-de-seguridad\/industrial-comercial\/advidia-m-46-v-v2\/","url":"https:\/\/scharfstein.cl\/camaras-de-seguridad\/industrial-comercial\/advidia-m-46-v-v2\/","name":"Advidia M-46-V-V2 | Scharfstein","isPartOf":{"@id":"https:\/\/scharfstein.cl\/#website"},"primaryImageOfPage":{"@id":"https:\/\/scharfstein.cl\/camaras-de-seguridad\/industrial-comercial\/advidia-m-46-v-v2\/#primaryimage"},"image":{"@id":"https:\/\/scharfstein.cl\/camaras-de-seguridad\/industrial-comercial\/advidia-m-46-v-v2\/#primaryimage"},"thumbnailUrl":"https:\/\/scharfstein.cl\/wp-content\/uploads\/2026\/04\/AdividiaM-46-V-V2-.png","datePublished":"2026-04-16T20:02:19+00:00","dateModified":"2026-04-16T21:19:37+00:00","description":"Descubre Advidia M-46-V-V2: caracter\u00edsticas, beneficios y especificaciones en Scharfstein dise\u00f1ado para ofrecer soluciones confiables","breadcrumb":{"@id":"https:\/\/scharfstein.cl\/camaras-de-seguridad\/industrial-comercial\/advidia-m-46-v-v2\/#breadcrumb"},"inLanguage":"en-US","potentialAction":[{"@type":"ReadAction","target":["https:\/\/scharfstein.cl\/camaras-de-seguridad\/industrial-comercial\/advidia-m-46-v-v2\/"]}]},{"@type":"ImageObject","inLanguage":"en-US","@id":"https:\/\/scharfstein.cl\/camaras-de-seguridad\/industrial-comercial\/advidia-m-46-v-v2\/#primaryimage","url":"https:\/\/scharfstein.cl\/wp-content\/uploads\/2026\/04\/AdividiaM-46-V-V2-.png","contentUrl":"https:\/\/scharfstein.cl\/wp-content\/uploads\/2026\/04\/AdividiaM-46-V-V2-.png","width":900,"height":900},{"@type":"BreadcrumbList","@id":"https:\/\/scharfstein.cl\/camaras-de-seguridad\/industrial-comercial\/advidia-m-46-v-v2\/#breadcrumb","itemListElement":[{"@type":"ListItem","position":1,"name":"Scharfstein","item":"https:\/\/scharfstein.cl\/"},{"@type":"ListItem","position":2,"name":"Tienda","item":"https:\/\/scharfstein.cl\/tienda\/"},{"@type":"ListItem","position":3,"name":"Advidia M-46-V-V2"}]},{"@type":"WebSite","@id":"https:\/\/scharfstein.cl\/#website","url":"https:\/\/scharfstein.cl\/","name":"Scharfstein","description":"Scharfstein S.A Chile: Hacemos f\u00e1cil la vida a trav\u00e9s de la tecnolog\u00eda. Fono: (+56 2) 2550 0000. Estacionamiento, Seguridad y Comunicaciones","publisher":{"@id":"https:\/\/scharfstein.cl\/#organization"},"alternateName":"Scharfstein","potentialAction":[{"@type":"SearchAction","target":{"@type":"EntryPoint","urlTemplate":"https:\/\/scharfstein.cl\/?s={search_term_string}"},"query-input":{"@type":"PropertyValueSpecification","valueRequired":true,"valueName":"search_term_string"}}],"inLanguage":"en-US"},{"@type":"Organization","@id":"https:\/\/scharfstein.cl\/#organization","name":"Scharfstein","alternateName":"Scharfstein","url":"https:\/\/scharfstein.cl\/","logo":{"@type":"ImageObject","inLanguage":"en-US","@id":"https:\/\/scharfstein.cl\/#\/schema\/logo\/image\/","url":"https:\/\/scharfstein.cl\/wp-content\/uploads\/2025\/08\/logo-scharfstein-para-form.png","contentUrl":"https:\/\/scharfstein.cl\/wp-content\/uploads\/2025\/08\/logo-scharfstein-para-form.png","width":200,"height":60,"caption":"Scharfstein"},"image":{"@id":"https:\/\/scharfstein.cl\/#\/schema\/logo\/image\/"},"sameAs":["https:\/\/www.linkedin.com\/company\/scharfstein-sa\/"]}]}},"_links":{"self":[{"href":"https:\/\/scharfstein.cl\/en\/wp-json\/wp\/v2\/product\/15751","targetHints":{"allow":["GET"]}}],"collection":[{"href":"https:\/\/scharfstein.cl\/en\/wp-json\/wp\/v2\/product"}],"about":[{"href":"https:\/\/scharfstein.cl\/en\/wp-json\/wp\/v2\/types\/product"}],"wp:featuredmedia":[{"embeddable":true,"href":"https:\/\/scharfstein.cl\/en\/wp-json\/wp\/v2\/media\/15752"}],"wp:attachment":[{"href":"https:\/\/scharfstein.cl\/en\/wp-json\/wp\/v2\/media?parent=15751"}],"wp:term":[{"taxonomy":"product_brand","embeddable":true,"href":"https:\/\/scharfstein.cl\/en\/wp-json\/wp\/v2\/product_brand?post=15751"},{"taxonomy":"product_cat","embeddable":true,"href":"https:\/\/scharfstein.cl\/en\/wp-json\/wp\/v2\/product_cat?post=15751"},{"taxonomy":"product_tag","embeddable":true,"href":"https:\/\/scharfstein.cl\/en\/wp-json\/wp\/v2\/product_tag?post=15751"}],"curies":[{"name":"wp","href":"https:\/\/api.w.org\/{rel}","templated":true}]}}