{"id":15745,"date":"2026-04-16T19:43:08","date_gmt":"2026-04-16T19:43:08","guid":{"rendered":"https:\/\/scharfstein.cl\/?post_type=product&#038;p=15745"},"modified":"2026-04-16T21:06:51","modified_gmt":"2026-04-16T21:06:51","slug":"advidia-m-26-fw","status":"publish","type":"product","link":"https:\/\/scharfstein.cl\/en\/camaras-de-seguridad\/advidia-m-26-fw\/","title":{"rendered":"Advidia M-26-FW"},"content":{"rendered":"","protected":false},"excerpt":{"rendered":"<p data-path-to-node=\"1\"><strong>C\u00e1mara de Red Tipo Domo Fijo IR con DWDR de 2MP<\/strong><\/p>\n<ul data-path-to-node=\"2\">\n<li>\n<p data-path-to-node=\"2,0,0\">Disponibilidad: Solo disponible en APAC (Asia-Pac\u00edfico)<\/p>\n<\/li>\n<li>\n<p data-path-to-node=\"2,1,0\">Resoluci\u00f3n: 2MP (1920*1080)<\/p>\n<\/li>\n<li>\n<p data-path-to-node=\"2,2,0\">Rango Din\u00e1mico: WDR digital (DWDR) de 52dB<\/p>\n<\/li>\n<li>\n<p data-path-to-node=\"2,3,0\">Lente: Lente fijo de 2.8mm<\/p>\n<\/li>\n<li>\n<p data-path-to-node=\"2,4,0\">Compresi\u00f3n: H.265<\/p>\n<\/li>\n<li>\n<p data-path-to-node=\"2,5,0\">Protecci\u00f3n y Visi\u00f3n: Infrarrojos (IR), Clasificaci\u00f3n IP67 (resistente al agua\/polvo) e IK10 (antivand\u00e1lica)<\/p>\n<\/li>\n<\/ul>","protected":false},"featured_media":15747,"template":"","meta":[],"product_brand":[],"product_cat":[192,196],"product_tag":[],"class_list":{"0":"post-15745","1":"product","2":"type-product","3":"status-publish","4":"has-post-thumbnail","6":"product_cat-camaras-de-seguridad","7":"product_cat-industrial-comercial","9":"first","10":"instock","11":"featured","12":"taxable","13":"shipping-taxable","14":"product-type-simple"},"yoast_head":"<!-- This site is optimized with the Yoast SEO plugin v27.4 - https:\/\/yoast.com\/product\/yoast-seo-wordpress\/ -->\n<title>Advidia M-26-FW | Scharfstein<\/title>\n<meta name=\"description\" content=\"Descubre Advidia M-26-FW: caracter\u00edsticas, beneficios y especificaciones en Scharfstein dise\u00f1ado para ofrecer soluciones confiables\" \/>\n<meta name=\"robots\" content=\"index, follow, max-snippet:-1, max-image-preview:large, max-video-preview:-1\" \/>\n<link rel=\"canonical\" href=\"https:\/\/scharfstein.cl\/en\/camaras-de-seguridad\/advidia-m-26-fw\/\" \/>\n<meta name=\"twitter:card\" content=\"summary_large_image\" \/>\n<meta name=\"twitter:title\" content=\"Advidia M-26-FW | Scharfstein\" \/>\n<meta name=\"twitter:description\" content=\"Descubre Advidia M-26-FW: caracter\u00edsticas, beneficios y especificaciones en Scharfstein dise\u00f1ado para ofrecer soluciones confiables\" \/>\n<meta name=\"twitter:image\" content=\"https:\/\/scharfstein.cl\/wp-content\/uploads\/2026\/04\/Advidia-M-26-FW.png\" \/>\n<meta name=\"twitter:label1\" content=\"Est. reading time\" \/>\n\t<meta name=\"twitter:data1\" content=\"1 minute\" \/>\n<!-- \/ Yoast SEO plugin. -->","yoast_head_json":{"title":"Advidia M-26-FW | Scharfstein","description":"Descubre Advidia M-26-FW: caracter\u00edsticas, beneficios y especificaciones en Scharfstein dise\u00f1ado para ofrecer soluciones confiables","robots":{"index":"index","follow":"follow","max-snippet":"max-snippet:-1","max-image-preview":"max-image-preview:large","max-video-preview":"max-video-preview:-1"},"canonical":"https:\/\/scharfstein.cl\/en\/camaras-de-seguridad\/advidia-m-26-fw\/","twitter_card":"summary_large_image","twitter_title":"Advidia M-26-FW | Scharfstein","twitter_description":"Descubre Advidia M-26-FW: caracter\u00edsticas, beneficios y especificaciones en Scharfstein dise\u00f1ado para ofrecer soluciones confiables","twitter_image":"https:\/\/scharfstein.cl\/wp-content\/uploads\/2026\/04\/Advidia-M-26-FW.png","twitter_misc":{"Est. reading time":"1 minute"},"schema":{"@context":"https:\/\/schema.org","@graph":[{"@type":"WebPage","@id":"https:\/\/scharfstein.cl\/camaras-de-seguridad\/advidia-m-26-fw\/","url":"https:\/\/scharfstein.cl\/camaras-de-seguridad\/advidia-m-26-fw\/","name":"Advidia M-26-FW | Scharfstein","isPartOf":{"@id":"https:\/\/scharfstein.cl\/#website"},"primaryImageOfPage":{"@id":"https:\/\/scharfstein.cl\/camaras-de-seguridad\/advidia-m-26-fw\/#primaryimage"},"image":{"@id":"https:\/\/scharfstein.cl\/camaras-de-seguridad\/advidia-m-26-fw\/#primaryimage"},"thumbnailUrl":"https:\/\/scharfstein.cl\/wp-content\/uploads\/2026\/04\/Advidia-M-26-FW.png","datePublished":"2026-04-16T19:43:08+00:00","dateModified":"2026-04-16T21:06:51+00:00","description":"Descubre Advidia M-26-FW: caracter\u00edsticas, beneficios y especificaciones en Scharfstein dise\u00f1ado para ofrecer soluciones confiables","breadcrumb":{"@id":"https:\/\/scharfstein.cl\/camaras-de-seguridad\/advidia-m-26-fw\/#breadcrumb"},"inLanguage":"en-US","potentialAction":[{"@type":"ReadAction","target":["https:\/\/scharfstein.cl\/camaras-de-seguridad\/advidia-m-26-fw\/"]}]},{"@type":"ImageObject","inLanguage":"en-US","@id":"https:\/\/scharfstein.cl\/camaras-de-seguridad\/advidia-m-26-fw\/#primaryimage","url":"https:\/\/scharfstein.cl\/wp-content\/uploads\/2026\/04\/Advidia-M-26-FW.png","contentUrl":"https:\/\/scharfstein.cl\/wp-content\/uploads\/2026\/04\/Advidia-M-26-FW.png","width":900,"height":900},{"@type":"BreadcrumbList","@id":"https:\/\/scharfstein.cl\/camaras-de-seguridad\/advidia-m-26-fw\/#breadcrumb","itemListElement":[{"@type":"ListItem","position":1,"name":"Scharfstein","item":"https:\/\/scharfstein.cl\/"},{"@type":"ListItem","position":2,"name":"Tienda","item":"https:\/\/scharfstein.cl\/tienda\/"},{"@type":"ListItem","position":3,"name":"Advidia M-26-FW"}]},{"@type":"WebSite","@id":"https:\/\/scharfstein.cl\/#website","url":"https:\/\/scharfstein.cl\/","name":"Scharfstein","description":"Scharfstein S.A Chile: Hacemos f\u00e1cil la vida a trav\u00e9s de la tecnolog\u00eda. Fono: (+56 2) 2550 0000. Estacionamiento, Seguridad y Comunicaciones","publisher":{"@id":"https:\/\/scharfstein.cl\/#organization"},"alternateName":"Scharfstein","potentialAction":[{"@type":"SearchAction","target":{"@type":"EntryPoint","urlTemplate":"https:\/\/scharfstein.cl\/?s={search_term_string}"},"query-input":{"@type":"PropertyValueSpecification","valueRequired":true,"valueName":"search_term_string"}}],"inLanguage":"en-US"},{"@type":"Organization","@id":"https:\/\/scharfstein.cl\/#organization","name":"Scharfstein","alternateName":"Scharfstein","url":"https:\/\/scharfstein.cl\/","logo":{"@type":"ImageObject","inLanguage":"en-US","@id":"https:\/\/scharfstein.cl\/#\/schema\/logo\/image\/","url":"https:\/\/scharfstein.cl\/wp-content\/uploads\/2025\/08\/logo-scharfstein-para-form.png","contentUrl":"https:\/\/scharfstein.cl\/wp-content\/uploads\/2025\/08\/logo-scharfstein-para-form.png","width":200,"height":60,"caption":"Scharfstein"},"image":{"@id":"https:\/\/scharfstein.cl\/#\/schema\/logo\/image\/"},"sameAs":["https:\/\/www.linkedin.com\/company\/scharfstein-sa\/"]}]}},"_links":{"self":[{"href":"https:\/\/scharfstein.cl\/en\/wp-json\/wp\/v2\/product\/15745","targetHints":{"allow":["GET"]}}],"collection":[{"href":"https:\/\/scharfstein.cl\/en\/wp-json\/wp\/v2\/product"}],"about":[{"href":"https:\/\/scharfstein.cl\/en\/wp-json\/wp\/v2\/types\/product"}],"wp:featuredmedia":[{"embeddable":true,"href":"https:\/\/scharfstein.cl\/en\/wp-json\/wp\/v2\/media\/15747"}],"wp:attachment":[{"href":"https:\/\/scharfstein.cl\/en\/wp-json\/wp\/v2\/media?parent=15745"}],"wp:term":[{"taxonomy":"product_brand","embeddable":true,"href":"https:\/\/scharfstein.cl\/en\/wp-json\/wp\/v2\/product_brand?post=15745"},{"taxonomy":"product_cat","embeddable":true,"href":"https:\/\/scharfstein.cl\/en\/wp-json\/wp\/v2\/product_cat?post=15745"},{"taxonomy":"product_tag","embeddable":true,"href":"https:\/\/scharfstein.cl\/en\/wp-json\/wp\/v2\/product_tag?post=15745"}],"curies":[{"name":"wp","href":"https:\/\/api.w.org\/{rel}","templated":true}]}}