{"id":15665,"date":"2026-04-07T21:21:30","date_gmt":"2026-04-07T21:21:30","guid":{"rendered":"https:\/\/scharfstein.cl\/?post_type=product&#038;p=15665"},"modified":"2026-04-07T21:36:25","modified_gmt":"2026-04-07T21:36:25","slug":"torniquete-triponde-tipo-arco","status":"publish","type":"product","link":"https:\/\/scharfstein.cl\/en\/equipamiento-de-control-de-acceso\/torniquete-triponde-tipo-arco\/","title":{"rendered":"Torniquete triponde tipo arco"},"content":{"rendered":"","protected":false},"excerpt":{"rendered":"","protected":false},"featured_media":15668,"template":"","meta":[],"product_brand":[],"product_cat":[233,228],"product_tag":[],"class_list":{"0":"post-15665","1":"product","2":"type-product","3":"status-publish","4":"has-post-thumbnail","6":"product_cat-arco","7":"product_cat-equipamiento-de-control-de-acceso","8":"pa_marca-scharfstein","9":"pa_serie-arco-42","11":"first","12":"instock","13":"featured","14":"taxable","15":"shipping-taxable","16":"purchasable","17":"product-type-simple"},"yoast_head":"<!-- This site is optimized with the Yoast SEO plugin v27.4 - https:\/\/yoast.com\/product\/yoast-seo-wordpress\/ -->\n<title>Torniquete triponde tipo arco | Scharfstein<\/title>\n<meta name=\"description\" content=\"Descubre Torniquete triponde tipo arco: caracter\u00edsticas, beneficios y especificaciones en Scharfstein dise\u00f1ado para ofrecer soluciones confiables\" \/>\n<meta name=\"robots\" content=\"index, follow, max-snippet:-1, max-image-preview:large, max-video-preview:-1\" \/>\n<link rel=\"canonical\" href=\"https:\/\/scharfstein.cl\/en\/equipamiento-de-control-de-acceso\/torniquete-triponde-tipo-arco\/\" \/>\n<meta name=\"twitter:card\" content=\"summary_large_image\" \/>\n<meta name=\"twitter:title\" content=\"Torniquete triponde tipo arco | Scharfstein\" \/>\n<meta name=\"twitter:description\" content=\"Descubre Torniquete triponde tipo arco: caracter\u00edsticas, beneficios y especificaciones en Scharfstein dise\u00f1ado para ofrecer soluciones confiables\" \/>\n<meta name=\"twitter:image\" content=\"https:\/\/scharfstein.cl\/wp-content\/uploads\/2026\/04\/Torniquete-triponde-tipo-arco-1.webp\" \/>\n<meta name=\"twitter:label1\" content=\"Est. reading time\" \/>\n\t<meta name=\"twitter:data1\" content=\"1 minute\" \/>\n<!-- \/ Yoast SEO plugin. -->","yoast_head_json":{"title":"Torniquete triponde tipo arco | Scharfstein","description":"Descubre Torniquete triponde tipo arco: caracter\u00edsticas, beneficios y especificaciones en Scharfstein dise\u00f1ado para ofrecer soluciones confiables","robots":{"index":"index","follow":"follow","max-snippet":"max-snippet:-1","max-image-preview":"max-image-preview:large","max-video-preview":"max-video-preview:-1"},"canonical":"https:\/\/scharfstein.cl\/en\/equipamiento-de-control-de-acceso\/torniquete-triponde-tipo-arco\/","twitter_card":"summary_large_image","twitter_title":"Torniquete triponde tipo arco | Scharfstein","twitter_description":"Descubre Torniquete triponde tipo arco: caracter\u00edsticas, beneficios y especificaciones en Scharfstein dise\u00f1ado para ofrecer soluciones confiables","twitter_image":"https:\/\/scharfstein.cl\/wp-content\/uploads\/2026\/04\/Torniquete-triponde-tipo-arco-1.webp","twitter_misc":{"Est. reading time":"1 minute"},"schema":{"@context":"https:\/\/schema.org","@graph":[{"@type":"WebPage","@id":"https:\/\/scharfstein.cl\/equipamiento-de-control-de-acceso\/torniquete-triponde-tipo-arco\/","url":"https:\/\/scharfstein.cl\/equipamiento-de-control-de-acceso\/torniquete-triponde-tipo-arco\/","name":"Torniquete triponde tipo arco | Scharfstein","isPartOf":{"@id":"https:\/\/scharfstein.cl\/#website"},"primaryImageOfPage":{"@id":"https:\/\/scharfstein.cl\/equipamiento-de-control-de-acceso\/torniquete-triponde-tipo-arco\/#primaryimage"},"image":{"@id":"https:\/\/scharfstein.cl\/equipamiento-de-control-de-acceso\/torniquete-triponde-tipo-arco\/#primaryimage"},"thumbnailUrl":"https:\/\/scharfstein.cl\/wp-content\/uploads\/2026\/04\/Torniquete-triponde-tipo-arco-1.webp","datePublished":"2026-04-07T21:21:30+00:00","dateModified":"2026-04-07T21:36:25+00:00","description":"Descubre Torniquete triponde tipo arco: caracter\u00edsticas, beneficios y especificaciones en Scharfstein dise\u00f1ado para ofrecer soluciones confiables","breadcrumb":{"@id":"https:\/\/scharfstein.cl\/equipamiento-de-control-de-acceso\/torniquete-triponde-tipo-arco\/#breadcrumb"},"inLanguage":"en-US","potentialAction":[{"@type":"ReadAction","target":["https:\/\/scharfstein.cl\/equipamiento-de-control-de-acceso\/torniquete-triponde-tipo-arco\/"]}]},{"@type":"ImageObject","inLanguage":"en-US","@id":"https:\/\/scharfstein.cl\/equipamiento-de-control-de-acceso\/torniquete-triponde-tipo-arco\/#primaryimage","url":"https:\/\/scharfstein.cl\/wp-content\/uploads\/2026\/04\/Torniquete-triponde-tipo-arco-1.webp","contentUrl":"https:\/\/scharfstein.cl\/wp-content\/uploads\/2026\/04\/Torniquete-triponde-tipo-arco-1.webp","width":900,"height":900},{"@type":"BreadcrumbList","@id":"https:\/\/scharfstein.cl\/equipamiento-de-control-de-acceso\/torniquete-triponde-tipo-arco\/#breadcrumb","itemListElement":[{"@type":"ListItem","position":1,"name":"Scharfstein","item":"https:\/\/scharfstein.cl\/"},{"@type":"ListItem","position":2,"name":"Tienda","item":"https:\/\/scharfstein.cl\/tienda\/"},{"@type":"ListItem","position":3,"name":"Torniquete triponde tipo arco"}]},{"@type":"WebSite","@id":"https:\/\/scharfstein.cl\/#website","url":"https:\/\/scharfstein.cl\/","name":"Scharfstein","description":"Scharfstein S.A Chile: Hacemos f\u00e1cil la vida a trav\u00e9s de la tecnolog\u00eda. Fono: (+56 2) 2550 0000. Estacionamiento, Seguridad y Comunicaciones","publisher":{"@id":"https:\/\/scharfstein.cl\/#organization"},"alternateName":"Scharfstein","potentialAction":[{"@type":"SearchAction","target":{"@type":"EntryPoint","urlTemplate":"https:\/\/scharfstein.cl\/?s={search_term_string}"},"query-input":{"@type":"PropertyValueSpecification","valueRequired":true,"valueName":"search_term_string"}}],"inLanguage":"en-US"},{"@type":"Organization","@id":"https:\/\/scharfstein.cl\/#organization","name":"Scharfstein","alternateName":"Scharfstein","url":"https:\/\/scharfstein.cl\/","logo":{"@type":"ImageObject","inLanguage":"en-US","@id":"https:\/\/scharfstein.cl\/#\/schema\/logo\/image\/","url":"https:\/\/scharfstein.cl\/wp-content\/uploads\/2025\/08\/logo-scharfstein-para-form.png","contentUrl":"https:\/\/scharfstein.cl\/wp-content\/uploads\/2025\/08\/logo-scharfstein-para-form.png","width":200,"height":60,"caption":"Scharfstein"},"image":{"@id":"https:\/\/scharfstein.cl\/#\/schema\/logo\/image\/"},"sameAs":["https:\/\/www.linkedin.com\/company\/scharfstein-sa\/"]}]}},"_links":{"self":[{"href":"https:\/\/scharfstein.cl\/en\/wp-json\/wp\/v2\/product\/15665","targetHints":{"allow":["GET"]}}],"collection":[{"href":"https:\/\/scharfstein.cl\/en\/wp-json\/wp\/v2\/product"}],"about":[{"href":"https:\/\/scharfstein.cl\/en\/wp-json\/wp\/v2\/types\/product"}],"wp:featuredmedia":[{"embeddable":true,"href":"https:\/\/scharfstein.cl\/en\/wp-json\/wp\/v2\/media\/15668"}],"wp:attachment":[{"href":"https:\/\/scharfstein.cl\/en\/wp-json\/wp\/v2\/media?parent=15665"}],"wp:term":[{"taxonomy":"product_brand","embeddable":true,"href":"https:\/\/scharfstein.cl\/en\/wp-json\/wp\/v2\/product_brand?post=15665"},{"taxonomy":"product_cat","embeddable":true,"href":"https:\/\/scharfstein.cl\/en\/wp-json\/wp\/v2\/product_cat?post=15665"},{"taxonomy":"product_tag","embeddable":true,"href":"https:\/\/scharfstein.cl\/en\/wp-json\/wp\/v2\/product_tag?post=15665"}],"curies":[{"name":"wp","href":"https:\/\/api.w.org\/{rel}","templated":true}]}}