{"id":15147,"date":"2026-03-18T15:40:40","date_gmt":"2026-03-18T15:40:40","guid":{"rendered":"https:\/\/scharfstein.cl\/?post_type=product&#038;p=15147"},"modified":"2026-04-16T21:05:09","modified_gmt":"2026-04-16T21:05:09","slug":"wv-x67711-z3l3","status":"publish","type":"product","link":"https:\/\/scharfstein.cl\/en\/camaras-de-seguridad\/wv-x67711-z3l3\/","title":{"rendered":"i-PRO WV-X67700-Z3L3"},"content":{"rendered":"","protected":false},"excerpt":{"rendered":"<ul>\n<li>\n<p data-path-to-node=\"2,0,0\"><b data-path-to-node=\"2,0,0\" data-index-in-node=\"0\">C\u00e1mara PTZ Robusta 4K con IA e IR (Zoom de 30x)<\/b><\/p>\n<\/li>\n<li>\n<p data-path-to-node=\"2,1,0\">C\u00e1mara Aero PTZ 4K con zoom de 30x<\/p>\n<\/li>\n<li>\n<p data-path-to-node=\"2,2,0\"><b data-path-to-node=\"2,2,0\" data-index-in-node=\"0\">Limpiaparabrisas integrado<\/b> y desempa\u00f1ador autom\u00e1tico<\/p>\n<\/li>\n<li>\n<p data-path-to-node=\"2,3,0\">Hasta 3 aplicaciones de an\u00e1lisis de <b data-path-to-node=\"2,3,0\" data-index-in-node=\"36\">IA en el borde (Edge AI)<\/b><\/p>\n<\/li>\n<li>\n<p data-path-to-node=\"2,4,0\">Autoseguimiento por IA<\/p>\n<\/li>\n<li>\n<p data-path-to-node=\"2,5,0\">Fuente de alimentaci\u00f3n de <b data-path-to-node=\"2,5,0\" data-index-in-node=\"26\">100-240 V CA<\/b><\/p>\n<\/li>\n<li>\n<p data-path-to-node=\"2,6,0\"><b data-path-to-node=\"2,6,0\" data-index-in-node=\"0\">LED-IR integrado<\/b> (alcance de 350 m \/ 1148 pies)<\/p>\n<\/li>\n<li>\n<p data-path-to-node=\"2,7,0\">Resistencia al viento (hasta <b data-path-to-node=\"2,7,0\" data-index-in-node=\"29\">270 km\/h<\/b> \/ 167 mph)<\/p>\n<\/li>\n<li>\n<p data-path-to-node=\"2,8,0\">Soporta un amplio rango de temperaturas ambientales (<b data-path-to-node=\"2,8,0\" data-index-in-node=\"53\">-50 \u00b0C a +65 \u00b0C<\/b>)<\/p>\n<\/li>\n<li>\n<p data-path-to-node=\"2,9,0\">Certificaciones <b data-path-to-node=\"2,9,0\" data-index-in-node=\"16\">IP66, IP68 e IK10<\/b><\/p>\n<\/li>\n<li>\n<p data-path-to-node=\"2,10,0\">Elemento seguro integrado compatible con <b data-path-to-node=\"2,10,0\" data-index-in-node=\"41\">FIPS 140-2 Nivel 3<\/b> (EdgeLock\u00ae SE050F de NXP\u00ae Semiconductors)<\/p>\n<\/li>\n<li>\n<p data-path-to-node=\"2,11,0\">Cumple con la normativa <b data-path-to-node=\"2,11,0\" data-index-in-node=\"24\">NDAA<\/b><\/p>\n<\/li>\n<\/ul>","protected":false},"featured_media":15148,"template":"","meta":[],"product_brand":[],"product_cat":[192,196],"product_tag":[],"class_list":{"0":"post-15147","1":"product","2":"type-product","3":"status-publish","4":"has-post-thumbnail","6":"product_cat-camaras-de-seguridad","7":"product_cat-industrial-comercial","8":"pa_marca-i-pro","9":"pa_serie-ip","11":"first","12":"instock","13":"featured","14":"taxable","15":"shipping-taxable","16":"purchasable","17":"product-type-simple"},"yoast_head":"<!-- This site is optimized with the Yoast SEO plugin v27.4 - https:\/\/yoast.com\/product\/yoast-seo-wordpress\/ -->\n<title>i-PRO WV-X67700-Z3L3 | Scharfstein<\/title>\n<meta name=\"description\" content=\"Descubre i-PRO WV-X67700-Z3L3: caracter\u00edsticas, beneficios y especificaciones en Scharfstein dise\u00f1ado para ofrecer soluciones confiables\" \/>\n<meta name=\"robots\" content=\"index, follow, max-snippet:-1, max-image-preview:large, max-video-preview:-1\" \/>\n<link rel=\"canonical\" href=\"https:\/\/scharfstein.cl\/en\/camaras-de-seguridad\/wv-x67711-z3l3\/\" \/>\n<meta name=\"twitter:card\" content=\"summary_large_image\" \/>\n<meta name=\"twitter:title\" content=\"i-PRO WV-X67700-Z3L3 | Scharfstein\" \/>\n<meta name=\"twitter:description\" content=\"Descubre i-PRO WV-X67700-Z3L3: caracter\u00edsticas, beneficios y especificaciones en Scharfstein dise\u00f1ado para ofrecer soluciones confiables\" \/>\n<meta name=\"twitter:image\" content=\"https:\/\/scharfstein.cl\/wp-content\/uploads\/2026\/03\/WV-X67711-Z3L3.webp\" \/>\n<meta name=\"twitter:label1\" content=\"Est. reading time\" \/>\n\t<meta name=\"twitter:data1\" content=\"1 minute\" \/>\n<!-- \/ Yoast SEO plugin. -->","yoast_head_json":{"title":"i-PRO WV-X67700-Z3L3 | Scharfstein","description":"Descubre i-PRO WV-X67700-Z3L3: caracter\u00edsticas, beneficios y especificaciones en Scharfstein dise\u00f1ado para ofrecer soluciones confiables","robots":{"index":"index","follow":"follow","max-snippet":"max-snippet:-1","max-image-preview":"max-image-preview:large","max-video-preview":"max-video-preview:-1"},"canonical":"https:\/\/scharfstein.cl\/en\/camaras-de-seguridad\/wv-x67711-z3l3\/","twitter_card":"summary_large_image","twitter_title":"i-PRO WV-X67700-Z3L3 | Scharfstein","twitter_description":"Descubre i-PRO WV-X67700-Z3L3: caracter\u00edsticas, beneficios y especificaciones en Scharfstein dise\u00f1ado para ofrecer soluciones confiables","twitter_image":"https:\/\/scharfstein.cl\/wp-content\/uploads\/2026\/03\/WV-X67711-Z3L3.webp","twitter_misc":{"Est. reading time":"1 minute"},"schema":{"@context":"https:\/\/schema.org","@graph":[{"@type":"WebPage","@id":"https:\/\/scharfstein.cl\/camaras-de-seguridad\/wv-x67711-z3l3\/","url":"https:\/\/scharfstein.cl\/camaras-de-seguridad\/wv-x67711-z3l3\/","name":"i-PRO WV-X67700-Z3L3 | Scharfstein","isPartOf":{"@id":"https:\/\/scharfstein.cl\/#website"},"primaryImageOfPage":{"@id":"https:\/\/scharfstein.cl\/camaras-de-seguridad\/wv-x67711-z3l3\/#primaryimage"},"image":{"@id":"https:\/\/scharfstein.cl\/camaras-de-seguridad\/wv-x67711-z3l3\/#primaryimage"},"thumbnailUrl":"https:\/\/scharfstein.cl\/wp-content\/uploads\/2026\/03\/WV-X67711-Z3L3.webp","datePublished":"2026-03-18T15:40:40+00:00","dateModified":"2026-04-16T21:05:09+00:00","description":"Descubre i-PRO WV-X67700-Z3L3: caracter\u00edsticas, beneficios y especificaciones en Scharfstein dise\u00f1ado para ofrecer soluciones confiables","breadcrumb":{"@id":"https:\/\/scharfstein.cl\/camaras-de-seguridad\/wv-x67711-z3l3\/#breadcrumb"},"inLanguage":"en-US","potentialAction":[{"@type":"ReadAction","target":["https:\/\/scharfstein.cl\/camaras-de-seguridad\/wv-x67711-z3l3\/"]}]},{"@type":"ImageObject","inLanguage":"en-US","@id":"https:\/\/scharfstein.cl\/camaras-de-seguridad\/wv-x67711-z3l3\/#primaryimage","url":"https:\/\/scharfstein.cl\/wp-content\/uploads\/2026\/03\/WV-X67711-Z3L3.webp","contentUrl":"https:\/\/scharfstein.cl\/wp-content\/uploads\/2026\/03\/WV-X67711-Z3L3.webp","width":900,"height":900},{"@type":"BreadcrumbList","@id":"https:\/\/scharfstein.cl\/camaras-de-seguridad\/wv-x67711-z3l3\/#breadcrumb","itemListElement":[{"@type":"ListItem","position":1,"name":"Scharfstein","item":"https:\/\/scharfstein.cl\/"},{"@type":"ListItem","position":2,"name":"Tienda","item":"https:\/\/scharfstein.cl\/tienda\/"},{"@type":"ListItem","position":3,"name":"i-PRO WV-X67700-Z3L3"}]},{"@type":"WebSite","@id":"https:\/\/scharfstein.cl\/#website","url":"https:\/\/scharfstein.cl\/","name":"Scharfstein","description":"Scharfstein S.A Chile: Hacemos f\u00e1cil la vida a trav\u00e9s de la tecnolog\u00eda. Fono: (+56 2) 2550 0000. Estacionamiento, Seguridad y Comunicaciones","publisher":{"@id":"https:\/\/scharfstein.cl\/#organization"},"alternateName":"Scharfstein","potentialAction":[{"@type":"SearchAction","target":{"@type":"EntryPoint","urlTemplate":"https:\/\/scharfstein.cl\/?s={search_term_string}"},"query-input":{"@type":"PropertyValueSpecification","valueRequired":true,"valueName":"search_term_string"}}],"inLanguage":"en-US"},{"@type":"Organization","@id":"https:\/\/scharfstein.cl\/#organization","name":"Scharfstein","alternateName":"Scharfstein","url":"https:\/\/scharfstein.cl\/","logo":{"@type":"ImageObject","inLanguage":"en-US","@id":"https:\/\/scharfstein.cl\/#\/schema\/logo\/image\/","url":"https:\/\/scharfstein.cl\/wp-content\/uploads\/2025\/08\/logo-scharfstein-para-form.png","contentUrl":"https:\/\/scharfstein.cl\/wp-content\/uploads\/2025\/08\/logo-scharfstein-para-form.png","width":200,"height":60,"caption":"Scharfstein"},"image":{"@id":"https:\/\/scharfstein.cl\/#\/schema\/logo\/image\/"},"sameAs":["https:\/\/www.linkedin.com\/company\/scharfstein-sa\/"]}]}},"_links":{"self":[{"href":"https:\/\/scharfstein.cl\/en\/wp-json\/wp\/v2\/product\/15147","targetHints":{"allow":["GET"]}}],"collection":[{"href":"https:\/\/scharfstein.cl\/en\/wp-json\/wp\/v2\/product"}],"about":[{"href":"https:\/\/scharfstein.cl\/en\/wp-json\/wp\/v2\/types\/product"}],"wp:featuredmedia":[{"embeddable":true,"href":"https:\/\/scharfstein.cl\/en\/wp-json\/wp\/v2\/media\/15148"}],"wp:attachment":[{"href":"https:\/\/scharfstein.cl\/en\/wp-json\/wp\/v2\/media?parent=15147"}],"wp:term":[{"taxonomy":"product_brand","embeddable":true,"href":"https:\/\/scharfstein.cl\/en\/wp-json\/wp\/v2\/product_brand?post=15147"},{"taxonomy":"product_cat","embeddable":true,"href":"https:\/\/scharfstein.cl\/en\/wp-json\/wp\/v2\/product_cat?post=15147"},{"taxonomy":"product_tag","embeddable":true,"href":"https:\/\/scharfstein.cl\/en\/wp-json\/wp\/v2\/product_tag?post=15147"}],"curies":[{"name":"wp","href":"https:\/\/api.w.org\/{rel}","templated":true}]}}