{"id":15096,"date":"2026-03-18T12:35:10","date_gmt":"2026-03-18T12:35:10","guid":{"rendered":"https:\/\/scharfstein.cl\/?post_type=product&#038;p=15096"},"modified":"2026-04-09T18:56:31","modified_gmt":"2026-04-09T18:56:31","slug":"video-potero-ix-dvf","status":"publish","type":"product","link":"https:\/\/scharfstein.cl\/en\/citofonia\/video-potero-ix-dvf\/","title":{"rendered":"Video portero IX\/DVF"},"content":{"rendered":"","protected":false},"excerpt":{"rendered":"<p>Este intercomunicador IP empotrado ofrece audio y video con alimentaci\u00f3n PoE. Su dise\u00f1o robusto garantiza protecci\u00f3n IP65 contra el polvo y agua. Su certificaci\u00f3n antivand\u00e1lica IK08 resistente a impactos. Adem\u00e1s, el equipo facilita la gesti\u00f3n de accesos al permitir la comunicaci\u00f3n directa con la conserjer\u00eda y los departamentos.<\/p>","protected":false},"featured_media":15097,"template":"","meta":[],"product_brand":[],"product_cat":[26,48],"product_tag":[],"class_list":{"0":"post-15096","1":"product","2":"type-product","3":"status-publish","4":"has-post-thumbnail","6":"product_cat-citofonia","7":"product_cat-corporativo","8":"pa_marca-aiphone","9":"pa_serie-serie-ix-ixg","11":"first","12":"instock","13":"taxable","14":"shipping-taxable","15":"purchasable","16":"product-type-simple"},"yoast_head":"<!-- This site is optimized with the Yoast SEO plugin v27.4 - https:\/\/yoast.com\/product\/yoast-seo-wordpress\/ -->\n<title>Video portero IX\/DVF | Scharfstein<\/title>\n<meta name=\"description\" content=\"Descubre Video portero IX\/DVF: caracter\u00edsticas, beneficios y especificaciones en Scharfstein dise\u00f1ado para ofrecer soluciones confiables\" \/>\n<meta name=\"robots\" content=\"index, follow, max-snippet:-1, max-image-preview:large, max-video-preview:-1\" \/>\n<link rel=\"canonical\" href=\"https:\/\/scharfstein.cl\/en\/citofonia\/video-potero-ix-dvf\/\" \/>\n<meta name=\"twitter:card\" content=\"summary_large_image\" \/>\n<meta name=\"twitter:title\" content=\"Video portero IX\/DVF | Scharfstein\" \/>\n<meta name=\"twitter:description\" content=\"Descubre Video portero IX\/DVF: caracter\u00edsticas, beneficios y especificaciones en Scharfstein dise\u00f1ado para ofrecer soluciones confiables\" \/>\n<meta name=\"twitter:image\" content=\"https:\/\/scharfstein.cl\/wp-content\/uploads\/2026\/03\/Video-potero-IXDVF.webp\" \/>\n<meta name=\"twitter:label1\" content=\"Est. reading time\" \/>\n\t<meta name=\"twitter:data1\" content=\"1 minute\" \/>\n<!-- \/ Yoast SEO plugin. -->","yoast_head_json":{"title":"Video portero IX\/DVF | Scharfstein","description":"Descubre Video portero IX\/DVF: caracter\u00edsticas, beneficios y especificaciones en Scharfstein dise\u00f1ado para ofrecer soluciones confiables","robots":{"index":"index","follow":"follow","max-snippet":"max-snippet:-1","max-image-preview":"max-image-preview:large","max-video-preview":"max-video-preview:-1"},"canonical":"https:\/\/scharfstein.cl\/en\/citofonia\/video-potero-ix-dvf\/","twitter_card":"summary_large_image","twitter_title":"Video portero IX\/DVF | Scharfstein","twitter_description":"Descubre Video portero IX\/DVF: caracter\u00edsticas, beneficios y especificaciones en Scharfstein dise\u00f1ado para ofrecer soluciones confiables","twitter_image":"https:\/\/scharfstein.cl\/wp-content\/uploads\/2026\/03\/Video-potero-IXDVF.webp","twitter_misc":{"Est. reading time":"1 minute"},"schema":{"@context":"https:\/\/schema.org","@graph":[{"@type":"WebPage","@id":"https:\/\/scharfstein.cl\/citofonia\/video-potero-ix-dvf\/","url":"https:\/\/scharfstein.cl\/citofonia\/video-potero-ix-dvf\/","name":"Video portero IX\/DVF | Scharfstein","isPartOf":{"@id":"https:\/\/scharfstein.cl\/#website"},"primaryImageOfPage":{"@id":"https:\/\/scharfstein.cl\/citofonia\/video-potero-ix-dvf\/#primaryimage"},"image":{"@id":"https:\/\/scharfstein.cl\/citofonia\/video-potero-ix-dvf\/#primaryimage"},"thumbnailUrl":"https:\/\/scharfstein.cl\/wp-content\/uploads\/2026\/03\/Video-potero-IXDVF.webp","datePublished":"2026-03-18T12:35:10+00:00","dateModified":"2026-04-09T18:56:31+00:00","description":"Descubre Video portero IX\/DVF: caracter\u00edsticas, beneficios y especificaciones en Scharfstein dise\u00f1ado para ofrecer soluciones confiables","breadcrumb":{"@id":"https:\/\/scharfstein.cl\/citofonia\/video-potero-ix-dvf\/#breadcrumb"},"inLanguage":"en-US","potentialAction":[{"@type":"ReadAction","target":["https:\/\/scharfstein.cl\/citofonia\/video-potero-ix-dvf\/"]}]},{"@type":"ImageObject","inLanguage":"en-US","@id":"https:\/\/scharfstein.cl\/citofonia\/video-potero-ix-dvf\/#primaryimage","url":"https:\/\/scharfstein.cl\/wp-content\/uploads\/2026\/03\/Video-potero-IXDVF.webp","contentUrl":"https:\/\/scharfstein.cl\/wp-content\/uploads\/2026\/03\/Video-potero-IXDVF.webp","width":900,"height":900},{"@type":"BreadcrumbList","@id":"https:\/\/scharfstein.cl\/citofonia\/video-potero-ix-dvf\/#breadcrumb","itemListElement":[{"@type":"ListItem","position":1,"name":"Scharfstein","item":"https:\/\/scharfstein.cl\/"},{"@type":"ListItem","position":2,"name":"Tienda","item":"https:\/\/scharfstein.cl\/tienda\/"},{"@type":"ListItem","position":3,"name":"Video portero IX\/DVF"}]},{"@type":"WebSite","@id":"https:\/\/scharfstein.cl\/#website","url":"https:\/\/scharfstein.cl\/","name":"Scharfstein","description":"Scharfstein S.A Chile: Hacemos f\u00e1cil la vida a trav\u00e9s de la tecnolog\u00eda. Fono: (+56 2) 2550 0000. Estacionamiento, Seguridad y Comunicaciones","publisher":{"@id":"https:\/\/scharfstein.cl\/#organization"},"alternateName":"Scharfstein","potentialAction":[{"@type":"SearchAction","target":{"@type":"EntryPoint","urlTemplate":"https:\/\/scharfstein.cl\/?s={search_term_string}"},"query-input":{"@type":"PropertyValueSpecification","valueRequired":true,"valueName":"search_term_string"}}],"inLanguage":"en-US"},{"@type":"Organization","@id":"https:\/\/scharfstein.cl\/#organization","name":"Scharfstein","alternateName":"Scharfstein","url":"https:\/\/scharfstein.cl\/","logo":{"@type":"ImageObject","inLanguage":"en-US","@id":"https:\/\/scharfstein.cl\/#\/schema\/logo\/image\/","url":"https:\/\/scharfstein.cl\/wp-content\/uploads\/2025\/08\/logo-scharfstein-para-form.png","contentUrl":"https:\/\/scharfstein.cl\/wp-content\/uploads\/2025\/08\/logo-scharfstein-para-form.png","width":200,"height":60,"caption":"Scharfstein"},"image":{"@id":"https:\/\/scharfstein.cl\/#\/schema\/logo\/image\/"},"sameAs":["https:\/\/www.linkedin.com\/company\/scharfstein-sa\/"]}]}},"_links":{"self":[{"href":"https:\/\/scharfstein.cl\/en\/wp-json\/wp\/v2\/product\/15096","targetHints":{"allow":["GET"]}}],"collection":[{"href":"https:\/\/scharfstein.cl\/en\/wp-json\/wp\/v2\/product"}],"about":[{"href":"https:\/\/scharfstein.cl\/en\/wp-json\/wp\/v2\/types\/product"}],"wp:featuredmedia":[{"embeddable":true,"href":"https:\/\/scharfstein.cl\/en\/wp-json\/wp\/v2\/media\/15097"}],"wp:attachment":[{"href":"https:\/\/scharfstein.cl\/en\/wp-json\/wp\/v2\/media?parent=15096"}],"wp:term":[{"taxonomy":"product_brand","embeddable":true,"href":"https:\/\/scharfstein.cl\/en\/wp-json\/wp\/v2\/product_brand?post=15096"},{"taxonomy":"product_cat","embeddable":true,"href":"https:\/\/scharfstein.cl\/en\/wp-json\/wp\/v2\/product_cat?post=15096"},{"taxonomy":"product_tag","embeddable":true,"href":"https:\/\/scharfstein.cl\/en\/wp-json\/wp\/v2\/product_tag?post=15096"}],"curies":[{"name":"wp","href":"https:\/\/api.w.org\/{rel}","templated":true}]}}