{"id":15094,"date":"2026-03-18T12:32:14","date_gmt":"2026-03-18T12:32:14","guid":{"rendered":"https:\/\/scharfstein.cl\/?post_type=product&#038;p=15094"},"modified":"2026-04-09T16:37:56","modified_gmt":"2026-04-09T16:37:56","slug":"kit-de-video-portero-jv","status":"publish","type":"product","link":"https:\/\/scharfstein.cl\/en\/citofonia\/kit-de-video-portero-jv\/","title":{"rendered":"Kit de video portero JOS-1VW"},"content":{"rendered":"","protected":false},"excerpt":{"rendered":"<p>Conjunto de videoportero que incluye estaci\u00f3n de puerta, monitor interior y fuente de alimentaci\u00f3n. La estaci\u00f3n de puerta incorpora c\u00e1mara color, micr\u00f3fono y altavoz, con iluminaci\u00f3n LED autom\u00e1tica, bot\u00f3n de llamada retroiluminado y placa met\u00e1lica de aleaci\u00f3n de zinc, de montaje en superficie, resistente a la intemperie (IP54) y al vandalismo (IK08). El monitor interior dispone de pantalla t\u00e1ctil LCD de 7&#8243;, comunicaci\u00f3n d\u00faplex manos libres, pulsador de apertura de puerta, dise\u00f1o extraplano (21 mm) y conectividad WiFi (2,4 GHz) para control remoto desde hasta 8 dispositivos m\u00f3viles.<\/p>","protected":false},"featured_media":15717,"template":"","meta":[],"product_brand":[],"product_cat":[47,26],"product_tag":[],"class_list":{"0":"post-15094","1":"product","2":"type-product","3":"status-publish","4":"has-post-thumbnail","6":"product_cat-casa-individual","7":"product_cat-citofonia","8":"pa_marca-aiphone","9":"pa_serie-serie-jv","11":"first","12":"instock","13":"taxable","14":"shipping-taxable","15":"purchasable","16":"product-type-simple"},"yoast_head":"<!-- This site is optimized with the Yoast SEO plugin v27.5 - https:\/\/yoast.com\/product\/yoast-seo-wordpress\/ -->\n<title>Kit de video portero JOS-1VW | Scharfstein<\/title>\n<meta name=\"description\" content=\"Descubre Kit de video portero JOS-1VW: caracter\u00edsticas, beneficios y especificaciones en Scharfstein dise\u00f1ado para ofrecer soluciones confiables\" \/>\n<meta name=\"robots\" content=\"index, follow, max-snippet:-1, max-image-preview:large, max-video-preview:-1\" \/>\n<link rel=\"canonical\" href=\"https:\/\/scharfstein.cl\/en\/citofonia\/kit-de-video-portero-jv\/\" \/>\n<meta name=\"twitter:card\" content=\"summary_large_image\" \/>\n<meta name=\"twitter:title\" content=\"Kit de video portero JOS-1VW | Scharfstein\" \/>\n<meta name=\"twitter:description\" content=\"Descubre Kit de video portero JOS-1VW: caracter\u00edsticas, beneficios y especificaciones en Scharfstein dise\u00f1ado para ofrecer soluciones confiables\" \/>\n<meta name=\"twitter:image\" content=\"https:\/\/scharfstein.cl\/wp-content\/uploads\/2026\/03\/Fotos-Aiphone-Sitio-web-5.png\" \/>\n<meta name=\"twitter:label1\" content=\"Est. reading time\" \/>\n\t<meta name=\"twitter:data1\" content=\"1 minute\" \/>\n<!-- \/ Yoast SEO plugin. -->","yoast_head_json":{"title":"Kit de video portero JOS-1VW | Scharfstein","description":"Descubre Kit de video portero JOS-1VW: caracter\u00edsticas, beneficios y especificaciones en Scharfstein dise\u00f1ado para ofrecer soluciones confiables","robots":{"index":"index","follow":"follow","max-snippet":"max-snippet:-1","max-image-preview":"max-image-preview:large","max-video-preview":"max-video-preview:-1"},"canonical":"https:\/\/scharfstein.cl\/en\/citofonia\/kit-de-video-portero-jv\/","twitter_card":"summary_large_image","twitter_title":"Kit de video portero JOS-1VW | Scharfstein","twitter_description":"Descubre Kit de video portero JOS-1VW: caracter\u00edsticas, beneficios y especificaciones en Scharfstein dise\u00f1ado para ofrecer soluciones confiables","twitter_image":"https:\/\/scharfstein.cl\/wp-content\/uploads\/2026\/03\/Fotos-Aiphone-Sitio-web-5.png","twitter_misc":{"Est. reading time":"1 minute"},"schema":{"@context":"https:\/\/schema.org","@graph":[{"@type":"WebPage","@id":"https:\/\/scharfstein.cl\/citofonia\/kit-de-video-portero-jv\/","url":"https:\/\/scharfstein.cl\/citofonia\/kit-de-video-portero-jv\/","name":"Kit de video portero JOS-1VW | Scharfstein","isPartOf":{"@id":"https:\/\/scharfstein.cl\/#website"},"primaryImageOfPage":{"@id":"https:\/\/scharfstein.cl\/citofonia\/kit-de-video-portero-jv\/#primaryimage"},"image":{"@id":"https:\/\/scharfstein.cl\/citofonia\/kit-de-video-portero-jv\/#primaryimage"},"thumbnailUrl":"https:\/\/scharfstein.cl\/wp-content\/uploads\/2026\/03\/Fotos-Aiphone-Sitio-web-5.png","datePublished":"2026-03-18T12:32:14+00:00","dateModified":"2026-04-09T16:37:56+00:00","description":"Descubre Kit de video portero JOS-1VW: caracter\u00edsticas, beneficios y especificaciones en Scharfstein dise\u00f1ado para ofrecer soluciones confiables","breadcrumb":{"@id":"https:\/\/scharfstein.cl\/citofonia\/kit-de-video-portero-jv\/#breadcrumb"},"inLanguage":"en-US","potentialAction":[{"@type":"ReadAction","target":["https:\/\/scharfstein.cl\/citofonia\/kit-de-video-portero-jv\/"]}]},{"@type":"ImageObject","inLanguage":"en-US","@id":"https:\/\/scharfstein.cl\/citofonia\/kit-de-video-portero-jv\/#primaryimage","url":"https:\/\/scharfstein.cl\/wp-content\/uploads\/2026\/03\/Fotos-Aiphone-Sitio-web-5.png","contentUrl":"https:\/\/scharfstein.cl\/wp-content\/uploads\/2026\/03\/Fotos-Aiphone-Sitio-web-5.png","width":900,"height":900},{"@type":"BreadcrumbList","@id":"https:\/\/scharfstein.cl\/citofonia\/kit-de-video-portero-jv\/#breadcrumb","itemListElement":[{"@type":"ListItem","position":1,"name":"Scharfstein","item":"https:\/\/scharfstein.cl\/"},{"@type":"ListItem","position":2,"name":"Tienda","item":"https:\/\/scharfstein.cl\/tienda\/"},{"@type":"ListItem","position":3,"name":"Kit de video portero JOS-1VW"}]},{"@type":"WebSite","@id":"https:\/\/scharfstein.cl\/#website","url":"https:\/\/scharfstein.cl\/","name":"Scharfstein","description":"Scharfstein S.A Chile: Hacemos f\u00e1cil la vida a trav\u00e9s de la tecnolog\u00eda. Fono: (+56 2) 2550 0000. Estacionamiento, Seguridad y Comunicaciones","publisher":{"@id":"https:\/\/scharfstein.cl\/#organization"},"alternateName":"Scharfstein","potentialAction":[{"@type":"SearchAction","target":{"@type":"EntryPoint","urlTemplate":"https:\/\/scharfstein.cl\/?s={search_term_string}"},"query-input":{"@type":"PropertyValueSpecification","valueRequired":true,"valueName":"search_term_string"}}],"inLanguage":"en-US"},{"@type":"Organization","@id":"https:\/\/scharfstein.cl\/#organization","name":"Scharfstein","alternateName":"Scharfstein","url":"https:\/\/scharfstein.cl\/","logo":{"@type":"ImageObject","inLanguage":"en-US","@id":"https:\/\/scharfstein.cl\/#\/schema\/logo\/image\/","url":"https:\/\/scharfstein.cl\/wp-content\/uploads\/2025\/08\/logo-scharfstein-para-form.png","contentUrl":"https:\/\/scharfstein.cl\/wp-content\/uploads\/2025\/08\/logo-scharfstein-para-form.png","width":200,"height":60,"caption":"Scharfstein"},"image":{"@id":"https:\/\/scharfstein.cl\/#\/schema\/logo\/image\/"},"sameAs":["https:\/\/www.linkedin.com\/company\/scharfstein-sa\/"]}]}},"_links":{"self":[{"href":"https:\/\/scharfstein.cl\/en\/wp-json\/wp\/v2\/product\/15094","targetHints":{"allow":["GET"]}}],"collection":[{"href":"https:\/\/scharfstein.cl\/en\/wp-json\/wp\/v2\/product"}],"about":[{"href":"https:\/\/scharfstein.cl\/en\/wp-json\/wp\/v2\/types\/product"}],"wp:featuredmedia":[{"embeddable":true,"href":"https:\/\/scharfstein.cl\/en\/wp-json\/wp\/v2\/media\/15717"}],"wp:attachment":[{"href":"https:\/\/scharfstein.cl\/en\/wp-json\/wp\/v2\/media?parent=15094"}],"wp:term":[{"taxonomy":"product_brand","embeddable":true,"href":"https:\/\/scharfstein.cl\/en\/wp-json\/wp\/v2\/product_brand?post=15094"},{"taxonomy":"product_cat","embeddable":true,"href":"https:\/\/scharfstein.cl\/en\/wp-json\/wp\/v2\/product_cat?post=15094"},{"taxonomy":"product_tag","embeddable":true,"href":"https:\/\/scharfstein.cl\/en\/wp-json\/wp\/v2\/product_tag?post=15094"}],"curies":[{"name":"wp","href":"https:\/\/api.w.org\/{rel}","templated":true}]}}