{"id":810,"date":"2025-08-01T21:54:14","date_gmt":"2025-08-01T21:54:14","guid":{"rendered":"https:\/\/scharfstein.cl\/?page_id=810"},"modified":"2026-03-20T13:59:55","modified_gmt":"2026-03-20T13:59:55","slug":"control-de-accesos","status":"publish","type":"page","link":"https:\/\/scharfstein.cl\/en\/soluciones\/control-de-accesos\/","title":{"rendered":"Access Control"},"content":{"rendered":"<div data-elementor-type=\"wp-page\" data-elementor-id=\"810\" class=\"elementor elementor-810\" data-elementor-post-type=\"page\">\n\t\t\t\t<div class=\"elementor-element elementor-element-15a7974 e-flex e-con-boxed e-con e-parent\" data-id=\"15a7974\" data-element_type=\"container\" data-e-type=\"container\" data-settings=\"{&quot;background_background&quot;:&quot;classic&quot;}\">\n\t\t\t\t\t<div class=\"e-con-inner\">\n\t\t\t\t<div class=\"elementor-element elementor-element-e32d44d elementor-view-default elementor-invisible elementor-widget elementor-widget-icon\" data-id=\"e32d44d\" data-element_type=\"widget\" data-e-type=\"widget\" data-settings=\"{&quot;_animation&quot;:&quot;fadeInUp&quot;}\" data-widget_type=\"icon.default\">\n\t\t\t\t\t\t\t<div class=\"elementor-icon-wrapper\">\n\t\t\t<div class=\"elementor-icon\">\n\t\t\t<svg xmlns=\"http:\/\/www.w3.org\/2000\/svg\" id=\"Capa_1\" viewbox=\"0 0 57 57\"><rect width=\"57\" height=\"57\" rx=\"8.72\" ry=\"8.72\" fill=\"#3500cf\"><\/rect><g><path d=\"M42.81,32.43c-.11-.23-.35-.52-.57-.8-.14-.17-.33-.41-.36-.47-.04-.16.08-.65.17-1.02.09-.36.17-.71.18-.96.23-4.71-1.38-8.96-4.53-11.95-3.06-2.9-7.22-4.25-11.73-3.79-8.67.89-12.51,8.2-12.41,14.62.06,3.56,1.25,6.91,3.35,9.44,2.37,2.85,5.74,4.5,9.76,4.79.62.04,1.82-.1,2.87-.22.63-.07,1.41-.16,1.58-.15.09.05.35.23.54.37.36.26.77.55,1.02.67,1.07.5,2.19.74,3.28.74,1.98,0,3.9-.8,5.41-2.35,2.35-2.41,2.91-5.92,1.42-8.93ZM40.34,29.48s-.04.08-.06.13c-2.13-1.55-4.92-1.82-7.53-.71-.34.14-.91.56-1.37.89-.16.12-.35.25-.42.3-.11,0-.28-.16-.43-.28-.21-.18-.45-.39-.74-.44-.57-.11-3.81-.1-4.43.04-.35.08-.59.3-.81.49-.13.12-.26.23-.39.3-.5.25-1.02.47-1.53.68-1.42.59-2.88,1.19-3.9,2.62l-.96,1.9c-3.21-4.43-3.32-10.14-.24-14.67,1.96-2.89,5.5-5.52,10.15-5.52,1.19,0,2.46.17,3.79.56,4.02,1.17,8.89,6.05,8.89,10.37,0,.33.01.7.03,1.09.03.78.06,1.66-.02,2.27ZM19.47,36.49c.07-.96.9-2.12,1.64-2.73.74-.61,1.51-.89,2.32-1.18.39-.14.8-.29,1.22-.48.2-.09.5-.32.88-.61.11-.08.24-.18.3-.23.25,0,.59-.02.98-.03.95-.04,2.26-.09,2.66.02.12.03.16.07.17.09.05.13-.22.52-.34.71-.11.17-.22.32-.27.46-1.22,2.96-1.02,5.59.59,7.82-.05.02-.09.05-.12.06h-3.36c-1.36,0-5.39-1.81-6.33-2.85-.26-.28-.37-.63-.34-1.05ZM35.12,30.17c.31-.04.62-.06.91-.06,1.82,0,3.36.72,4.37,2.07,1.31,1.73,1.6,4.28.72,6.35-.77,1.8-2.28,2.93-4.26,3.17-.34.04-.67.06-.99.06-3.48,0-5.35-2.44-5.67-5.04-.36-2.91,1.21-6.1,4.9-6.55Z\" fill=\"#fff\"><\/path><path d=\"M10.99,18.71v-7.4c.04-.11.29-.36.4-.4h7.37v-1.71h-8.14c-.25,0-.53.21-.84.61-.07.1-.7.94-.58,1.51l.09,7.38h1.7Z\" fill=\"#fff\"><\/path><path d=\"M47.81,45.68l-.09-7.38h-1.7v7.4c-.04.11-.29.36-.4.4h-7.37v1.71h8.14c.25,0,.53-.21.84-.61.07-.1.7-.94.58-1.51Z\" fill=\"#fff\"><\/path><path d=\"M46.02,11.31v7.4h1.71v-8.18c0-.31-1.02-1.27-1.26-1.32h-8.21s0,1.7,0,1.7h7.37c.11.04.35.29.4.4Z\" fill=\"#fff\"><\/path><path d=\"M10.99,45.69v-7.4h-1.71v8.18c0,.29,1.04,1.33,1.33,1.33h8.14v-1.71h-7.37c-.11-.04-.35-.29-.4-.4Z\" fill=\"#fff\"><\/path><path d=\"M30.53,18.73c-1.16-.8-2.77-1.07-4.41-.74-1.55.32-2.58,1.39-2.99,3.11-.39,1.64-.13,3.48.06,4.42.4,1.98,1.94,3.43,3.91,3.67.19.02.39.04.58.04,1.67,0,3.15-.92,3.89-2.44.5-1.04.92-4,.72-5.2-.2-1.22-.81-2.21-1.76-2.87ZM30.09,25.79c-.33.87-1.1,1.49-2.06,1.64-.98.16-1.92-.18-2.52-.92-.62-.75-1-3.85-.8-4.81.17-.82,1.15-1.85,1.91-2.01.83-.17,2.06-.09,2.94.49.49.33.8.76.9,1.28.18.89-.04,3.47-.36,4.32Z\" fill=\"#fff\"><\/path><path d=\"M34.51,39.54c.09.03.18.04.26.04.12,0,.23-.03.32-.09l4.92-4.93.02-.05c.22-.5.19-.99-.07-1.29-.13-.15-.43-.37-.99-.2h0c-.4.12-1.12.87-2.55,2.44-.64.71-1.51,1.66-1.81,1.86-.23-.11-.53-.44-.79-.73-.46-.52-.94-1.05-1.47-.92-.27.07-.48.25-.61.5-.15.31-.15.69,0,1.01.17.37,1.84,2.1,2.76,2.36Z\" fill=\"#fff\"><\/path><\/g><\/svg>\t\t\t<\/div>\n\t\t<\/div>\n\t\t\t\t\t\t<\/div>\n\t\t\t\t<div class=\"elementor-element elementor-element-dc516a3 elementor-widget__width-initial elementor-invisible elementor-widget elementor-widget-heading\" data-id=\"dc516a3\" data-element_type=\"widget\" data-e-type=\"widget\" data-settings=\"{&quot;_animation&quot;:&quot;fadeInUp&quot;}\" data-widget_type=\"heading.default\">\n\t\t\t\t\t<h2 class=\"elementor-heading-title elementor-size-default\">Access Control<\/h2>\t\t\t\t<\/div>\n\t\t<div class=\"elementor-element elementor-element-94d87f4 e-con-full animated-slow e-flex elementor-invisible e-con e-child\" data-id=\"94d87f4\" data-element_type=\"container\" data-e-type=\"container\" data-settings=\"{&quot;animation&quot;:&quot;fadeIn&quot;}\">\n\t\t<div class=\"elementor-element elementor-element-05b257b e-con-full e-flex e-con e-child\" data-id=\"05b257b\" data-element_type=\"container\" data-e-type=\"container\" data-settings=\"{&quot;background_background&quot;:&quot;classic&quot;}\">\n\t\t\t\t<div class=\"elementor-element elementor-element-b4635ad elementor-widget elementor-widget-image\" data-id=\"b4635ad\" data-element_type=\"widget\" data-e-type=\"widget\" data-widget_type=\"image.default\">\n\t\t\t\t\t\t\t\t\t\t\t\t\t\t\t<img decoding=\"async\" width=\"195\" height=\"67\" src=\"https:\/\/scharfstein.cl\/wp-content\/uploads\/2025\/08\/Smartki-logo.svg\" class=\"attachment-large size-large wp-image-572\" alt=\"\" \/>\t\t\t\t\t\t\t\t\t\t\t\t\t\t\t<\/div>\n\t\t\t\t<div class=\"elementor-element elementor-element-ac9026d elementor-widget elementor-widget-spacer\" data-id=\"ac9026d\" data-element_type=\"widget\" data-e-type=\"widget\" data-widget_type=\"spacer.default\">\n\t\t\t\t\t\t\t<div class=\"elementor-spacer\">\n\t\t\t<div class=\"elementor-spacer-inner\"><\/div>\n\t\t<\/div>\n\t\t\t\t\t\t<\/div>\n\t\t\t\t<div class=\"elementor-element elementor-element-133d227 elementor-invisible elementor-widget elementor-widget-text-editor\" data-id=\"133d227\" data-element_type=\"widget\" data-e-type=\"widget\" data-settings=\"{&quot;_animation&quot;:&quot;fadeInUp&quot;}\" data-widget_type=\"text-editor.default\">\n\t\t\t\t\t\t\t\t\t<p>Smartki is a security ecosystem designed to efficiently and even remotely manage and protect the flow of people entering and leaving a facility.<\/p>\t\t\t\t\t\t\t\t<\/div>\n\t\t\t\t<div class=\"elementor-element elementor-element-4cd87ce elementor-align-left elementor-widget elementor-widget-button\" data-id=\"4cd87ce\" data-element_type=\"widget\" data-e-type=\"widget\" data-widget_type=\"button.default\">\n\t\t\t\t\t\t\t\t\t\t<a class=\"elementor-button elementor-button-link elementor-size-sm elementor-animation-float\" href=\"https:\/\/scharfstein.cl\/en\/soluciones\/control-de-accesos\/smartki\/\">\n\t\t\t\t\t\t<span class=\"elementor-button-content-wrapper\">\n\t\t\t\t\t\t\t\t\t<span class=\"elementor-button-text\">Read more \u2192<\/span>\n\t\t\t\t\t<\/span>\n\t\t\t\t\t<\/a>\n\t\t\t\t\t\t\t\t<\/div>\n\t\t\t\t<\/div>\n\t\t<div class=\"elementor-element elementor-element-1b31cb9 e-con-full e-flex e-con e-child\" data-id=\"1b31cb9\" data-element_type=\"container\" data-e-type=\"container\" data-settings=\"{&quot;background_background&quot;:&quot;classic&quot;}\">\n\t\t\t\t<div class=\"elementor-element elementor-element-e2a64c8 elementor-widget elementor-widget-image\" data-id=\"e2a64c8\" data-element_type=\"widget\" data-e-type=\"widget\" data-widget_type=\"image.default\">\n\t\t\t\t\t\t\t\t\t\t\t\t\t\t\t<img decoding=\"async\" width=\"195\" height=\"67\" src=\"https:\/\/scharfstein.cl\/wp-content\/uploads\/2025\/08\/ZKTeco-logo.svg\" class=\"attachment-large size-large wp-image-571\" alt=\"\" \/>\t\t\t\t\t\t\t\t\t\t\t\t\t\t\t<\/div>\n\t\t\t\t<div class=\"elementor-element elementor-element-ceee3ef elementor-widget elementor-widget-spacer\" data-id=\"ceee3ef\" data-element_type=\"widget\" data-e-type=\"widget\" data-widget_type=\"spacer.default\">\n\t\t\t\t\t\t\t<div class=\"elementor-spacer\">\n\t\t\t<div class=\"elementor-spacer-inner\"><\/div>\n\t\t<\/div>\n\t\t\t\t\t\t<\/div>\n\t\t\t\t<div class=\"elementor-element elementor-element-9fc5712 elementor-invisible elementor-widget elementor-widget-text-editor\" data-id=\"9fc5712\" data-element_type=\"widget\" data-e-type=\"widget\" data-settings=\"{&quot;_animation&quot;:&quot;fadeInUp&quot;}\" data-widget_type=\"text-editor.default\">\n\t\t\t\t\t\t\t\t\t<p>ZKTeco offers reliable and precise access control and time &amp; attendance equipment for various types of organizations.<\/p>\t\t\t\t\t\t\t\t<\/div>\n\t\t\t\t<div class=\"elementor-element elementor-element-093dca3 elementor-align-left elementor-widget elementor-widget-button\" data-id=\"093dca3\" data-element_type=\"widget\" data-e-type=\"widget\" data-widget_type=\"button.default\">\n\t\t\t\t\t\t\t\t\t\t<a class=\"elementor-button elementor-button-link elementor-size-sm elementor-animation-float\" href=\"https:\/\/scharfstein.cl\/en\/control-de-accesos\/zkteco\/\">\n\t\t\t\t\t\t<span class=\"elementor-button-content-wrapper\">\n\t\t\t\t\t\t\t\t\t<span class=\"elementor-button-text\">Read more \u2192<\/span>\n\t\t\t\t\t<\/span>\n\t\t\t\t\t<\/a>\n\t\t\t\t\t\t\t\t<\/div>\n\t\t\t\t<\/div>\n\t\t<div class=\"elementor-element elementor-element-a26a5d3 e-con-full e-flex e-con e-child\" data-id=\"a26a5d3\" data-element_type=\"container\" data-e-type=\"container\" data-settings=\"{&quot;background_background&quot;:&quot;classic&quot;}\">\n\t\t\t\t<div class=\"elementor-element elementor-element-9f096ab elementor-widget elementor-widget-heading\" data-id=\"9f096ab\" data-element_type=\"widget\" data-e-type=\"widget\" data-widget_type=\"heading.default\">\n\t\t\t\t\t<h2 class=\"elementor-heading-title elementor-size-default\">Access Control Systems<\/h2>\t\t\t\t<\/div>\n\t\t\t\t<div class=\"elementor-element elementor-element-8ca4183 elementor-widget elementor-widget-spacer\" data-id=\"8ca4183\" data-element_type=\"widget\" data-e-type=\"widget\" data-widget_type=\"spacer.default\">\n\t\t\t\t\t\t\t<div class=\"elementor-spacer\">\n\t\t\t<div class=\"elementor-spacer-inner\"><\/div>\n\t\t<\/div>\n\t\t\t\t\t\t<\/div>\n\t\t\t\t<div class=\"elementor-element elementor-element-f359c09 elementor-invisible elementor-widget elementor-widget-text-editor\" data-id=\"f359c09\" data-element_type=\"widget\" data-e-type=\"widget\" data-settings=\"{&quot;_animation&quot;:&quot;fadeInUp&quot;}\" data-widget_type=\"text-editor.default\">\n\t\t\t\t\t\t\t\t\t<p>Physical security solutions with turnstiles and barriers that efficiently manage access flows, reinforcing perimeter protection in diverse environments.<\/p>\t\t\t\t\t\t\t\t<\/div>\n\t\t\t\t<div class=\"elementor-element elementor-element-be2a4d8 elementor-align-left elementor-widget elementor-widget-button\" data-id=\"be2a4d8\" data-element_type=\"widget\" data-e-type=\"widget\" data-widget_type=\"button.default\">\n\t\t\t\t\t\t\t\t\t\t<a class=\"elementor-button elementor-button-link elementor-size-sm elementor-animation-float\" href=\"https:\/\/scharfstein.cl\/en\/control-de-accesos\/equipamiento-de-control-de-acceso\/\">\n\t\t\t\t\t\t<span class=\"elementor-button-content-wrapper\">\n\t\t\t\t\t\t\t\t\t<span class=\"elementor-button-text\">Read more \u2192<\/span>\n\t\t\t\t\t<\/span>\n\t\t\t\t\t<\/a>\n\t\t\t\t\t\t\t\t<\/div>\n\t\t\t\t<\/div>\n\t\t\t\t<\/div>\n\t\t\t\t\t<\/div>\n\t\t\t\t<\/div>\n\t\t\t\t<\/div>","protected":false},"excerpt":{"rendered":"<p>Smartki es un ecosistema de seguridad, dise\u00f1ado para administrar y proteger, de manera eficiente e incluso remota, los flujos de personas que entran y salen de un recinto. Ver m\u00e1s \u2192 ZKTeco ofrece equipos confiables y precisos en control de accesos y control de asistencia en distintos tipos de organizaciones. Ver m\u00e1s \u2192 Equipamiento de [&hellip;]<\/p>\n","protected":false},"author":1,"featured_media":0,"parent":23,"menu_order":0,"comment_status":"closed","ping_status":"closed","template":"","meta":{"footnotes":""},"class_list":["post-810","page","type-page","status-publish","hentry"],"yoast_head":"<!-- This site is optimized with the Yoast SEO plugin v27.4 - https:\/\/yoast.com\/product\/yoast-seo-wordpress\/ -->\n<title>Control de Accesos | Scharfstein<\/title>\n<meta name=\"description\" content=\"Conoce Control de Accesos en Scharfstein. Experiencia, trayectoria y enfoque profesional al servicio de cada cliente.\" \/>\n<meta name=\"robots\" content=\"index, follow, max-snippet:-1, max-image-preview:large, max-video-preview:-1\" \/>\n<link rel=\"canonical\" href=\"https:\/\/scharfstein.cl\/en\/soluciones\/control-de-accesos\/\" \/>\n<meta name=\"twitter:card\" content=\"summary_large_image\" \/>\n<meta name=\"twitter:title\" content=\"Control de Accesos | Scharfstein\" \/>\n<meta name=\"twitter:description\" content=\"Conoce Control de Accesos en Scharfstein. Experiencia, trayectoria y enfoque profesional al servicio de cada cliente.\" \/>\n<meta name=\"twitter:label1\" content=\"Est. reading time\" \/>\n\t<meta name=\"twitter:data1\" content=\"1 minute\" \/>\n<!-- \/ Yoast SEO plugin. -->","yoast_head_json":{"title":"Control de Accesos | Scharfstein","description":"Conoce Control de Accesos en Scharfstein. Experiencia, trayectoria y enfoque profesional al servicio de cada cliente.","robots":{"index":"index","follow":"follow","max-snippet":"max-snippet:-1","max-image-preview":"max-image-preview:large","max-video-preview":"max-video-preview:-1"},"canonical":"https:\/\/scharfstein.cl\/en\/soluciones\/control-de-accesos\/","twitter_card":"summary_large_image","twitter_title":"Control de Accesos | Scharfstein","twitter_description":"Conoce Control de Accesos en Scharfstein. Experiencia, trayectoria y enfoque profesional al servicio de cada cliente.","twitter_misc":{"Est. reading time":"1 minute"},"schema":{"@context":"https:\/\/schema.org","@graph":[{"@type":"WebPage","@id":"https:\/\/scharfstein.cl\/soluciones\/control-de-accesos\/","url":"https:\/\/scharfstein.cl\/soluciones\/control-de-accesos\/","name":"Control de Accesos | Scharfstein","isPartOf":{"@id":"https:\/\/scharfstein.cl\/#website"},"primaryImageOfPage":{"@id":"https:\/\/scharfstein.cl\/soluciones\/control-de-accesos\/#primaryimage"},"image":{"@id":"https:\/\/scharfstein.cl\/soluciones\/control-de-accesos\/#primaryimage"},"thumbnailUrl":"https:\/\/scharfstein.cl\/wp-content\/uploads\/2025\/08\/Smartki-logo.svg","datePublished":"2025-08-01T21:54:14+00:00","dateModified":"2026-03-20T13:59:55+00:00","description":"Conoce Control de Accesos en Scharfstein. Experiencia, trayectoria y enfoque profesional al servicio de cada cliente.","breadcrumb":{"@id":"https:\/\/scharfstein.cl\/soluciones\/control-de-accesos\/#breadcrumb"},"inLanguage":"en-US","potentialAction":[{"@type":"ReadAction","target":["https:\/\/scharfstein.cl\/soluciones\/control-de-accesos\/"]}]},{"@type":"ImageObject","inLanguage":"en-US","@id":"https:\/\/scharfstein.cl\/soluciones\/control-de-accesos\/#primaryimage","url":"https:\/\/scharfstein.cl\/wp-content\/uploads\/2025\/08\/Smartki-logo.svg","contentUrl":"https:\/\/scharfstein.cl\/wp-content\/uploads\/2025\/08\/Smartki-logo.svg"},{"@type":"BreadcrumbList","@id":"https:\/\/scharfstein.cl\/soluciones\/control-de-accesos\/#breadcrumb","itemListElement":[{"@type":"ListItem","position":1,"name":"Scharfstein","item":"https:\/\/scharfstein.cl\/"},{"@type":"ListItem","position":2,"name":"Soluciones","item":"https:\/\/scharfstein.cl\/soluciones\/"},{"@type":"ListItem","position":3,"name":"Control de Accesos"}]},{"@type":"WebSite","@id":"https:\/\/scharfstein.cl\/#website","url":"https:\/\/scharfstein.cl\/","name":"Scharfstein","description":"Scharfstein S.A Chile: Hacemos f\u00e1cil la vida a trav\u00e9s de la tecnolog\u00eda. Fono: (+56 2) 2550 0000. Estacionamiento, Seguridad y Comunicaciones","publisher":{"@id":"https:\/\/scharfstein.cl\/#organization"},"alternateName":"Scharfstein","potentialAction":[{"@type":"SearchAction","target":{"@type":"EntryPoint","urlTemplate":"https:\/\/scharfstein.cl\/?s={search_term_string}"},"query-input":{"@type":"PropertyValueSpecification","valueRequired":true,"valueName":"search_term_string"}}],"inLanguage":"en-US"},{"@type":"Organization","@id":"https:\/\/scharfstein.cl\/#organization","name":"Scharfstein","alternateName":"Scharfstein","url":"https:\/\/scharfstein.cl\/","logo":{"@type":"ImageObject","inLanguage":"en-US","@id":"https:\/\/scharfstein.cl\/#\/schema\/logo\/image\/","url":"https:\/\/scharfstein.cl\/wp-content\/uploads\/2025\/08\/logo-scharfstein-para-form.png","contentUrl":"https:\/\/scharfstein.cl\/wp-content\/uploads\/2025\/08\/logo-scharfstein-para-form.png","width":200,"height":60,"caption":"Scharfstein"},"image":{"@id":"https:\/\/scharfstein.cl\/#\/schema\/logo\/image\/"},"sameAs":["https:\/\/www.linkedin.com\/company\/scharfstein-sa\/"]}]}},"_links":{"self":[{"href":"https:\/\/scharfstein.cl\/en\/wp-json\/wp\/v2\/pages\/810","targetHints":{"allow":["GET"]}}],"collection":[{"href":"https:\/\/scharfstein.cl\/en\/wp-json\/wp\/v2\/pages"}],"about":[{"href":"https:\/\/scharfstein.cl\/en\/wp-json\/wp\/v2\/types\/page"}],"author":[{"embeddable":true,"href":"https:\/\/scharfstein.cl\/en\/wp-json\/wp\/v2\/users\/1"}],"replies":[{"embeddable":true,"href":"https:\/\/scharfstein.cl\/en\/wp-json\/wp\/v2\/comments?post=810"}],"version-history":[{"count":5,"href":"https:\/\/scharfstein.cl\/en\/wp-json\/wp\/v2\/pages\/810\/revisions"}],"predecessor-version":[{"id":15477,"href":"https:\/\/scharfstein.cl\/en\/wp-json\/wp\/v2\/pages\/810\/revisions\/15477"}],"up":[{"embeddable":true,"href":"https:\/\/scharfstein.cl\/en\/wp-json\/wp\/v2\/pages\/23"}],"wp:attachment":[{"href":"https:\/\/scharfstein.cl\/en\/wp-json\/wp\/v2\/media?parent=810"}],"curies":[{"name":"wp","href":"https:\/\/api.w.org\/{rel}","templated":true}]}}