{"id":27,"date":"2025-07-29T20:20:09","date_gmt":"2025-07-29T20:20:09","guid":{"rendered":"https:\/\/scharfstein.cl\/?page_id=27"},"modified":"2026-03-25T23:36:38","modified_gmt":"2026-03-25T23:36:38","slug":"servicio-tecnico","status":"publish","type":"page","link":"https:\/\/scharfstein.cl\/en\/servicio-tecnico\/","title":{"rendered":"Technical Support"},"content":{"rendered":"\t\t<div data-elementor-type=\"wp-page\" data-elementor-id=\"27\" class=\"elementor elementor-27\" data-elementor-post-type=\"page\">\n\t\t\t\t<div class=\"elementor-element elementor-element-dc5b808 e-con-full elementor-hidden-mobile e-flex e-con e-parent\" data-id=\"dc5b808\" data-element_type=\"container\" data-e-type=\"container\" data-settings=\"{&quot;background_background&quot;:&quot;slideshow&quot;,&quot;background_slideshow_gallery&quot;:[{&quot;id&quot;:3262,&quot;url&quot;:&quot;https:\\\/\\\/scharfstein.cl\\\/wp-content\\\/uploads\\\/2025\\\/12\\\/flota-Scharfstein.webp&quot;},{&quot;id&quot;:2604,&quot;url&quot;:&quot;https:\\\/\\\/scharfstein.cl\\\/wp-content\\\/uploads\\\/2025\\\/12\\\/servicio-tecnico-hero.webp&quot;}],&quot;background_slideshow_loop&quot;:&quot;yes&quot;,&quot;background_slideshow_slide_duration&quot;:5000,&quot;background_slideshow_slide_transition&quot;:&quot;fade&quot;,&quot;background_slideshow_transition_duration&quot;:500}\">\n\t\t<div class=\"elementor-element elementor-element-54bd8c7 e-con-full e-flex e-con e-child\" data-id=\"54bd8c7\" data-element_type=\"container\" data-e-type=\"container\">\n\t\t\t\t<div class=\"elementor-element elementor-element-05d14d1 elementor-widget elementor-widget-heading\" data-id=\"05d14d1\" data-element_type=\"widget\" data-e-type=\"widget\" data-widget_type=\"heading.default\">\n\t\t\t\t\t<h1 class=\"elementor-heading-title elementor-size-default\">Servicio T\u00e9cnico Scharfstein:<\/h1>\t\t\t\t<\/div>\n\t\t\t\t<div class=\"elementor-element elementor-element-be1563d elementor-invisible elementor-widget elementor-widget-text-editor\" data-id=\"be1563d\" data-element_type=\"widget\" data-e-type=\"widget\" data-settings=\"{&quot;_animation&quot;:&quot;fadeInUp&quot;}\" data-widget_type=\"text-editor.default\">\n\t\t\t\t\t\t\t\t\t<p>En Scharfstein, no solo ofrecemos soluciones tecnol\u00f3gicas, las mantenemos funcionando y las actualizamos para que operen con m\u00e1ximo rendimiento. Somos un equipo de ingenier\u00eda capacitado y certificado por nuestros proveedores para dar soporte postventa y mantenimiento a todas nuestras soluciones.<\/p>\t\t\t\t\t\t\t\t<\/div>\n\t\t\t\t<\/div>\n\t\t<div class=\"elementor-element elementor-element-e06e12b e-con-full e-flex e-con e-child\" data-id=\"e06e12b\" data-element_type=\"container\" data-e-type=\"container\">\n\t\t\t\t<div class=\"elementor-element elementor-element-1cb1ec8 elementor-align-center elementor-widget elementor-widget-lottie\" data-id=\"1cb1ec8\" data-element_type=\"widget\" data-e-type=\"widget\" data-settings=\"{&quot;source_json&quot;:{&quot;url&quot;:&quot;https:\\\/\\\/scharfstein.cl\\\/wp-content\\\/uploads\\\/2025\\\/08\\\/scrollDown.json&quot;,&quot;id&quot;:1154,&quot;size&quot;:&quot;&quot;,&quot;alt&quot;:&quot;&quot;,&quot;source&quot;:&quot;library&quot;},&quot;link_to&quot;:&quot;custom&quot;,&quot;custom_link&quot;:{&quot;url&quot;:&quot;#next&quot;,&quot;is_external&quot;:&quot;&quot;,&quot;nofollow&quot;:&quot;&quot;,&quot;custom_attributes&quot;:&quot;&quot;},&quot;trigger&quot;:&quot;none&quot;,&quot;loop&quot;:&quot;yes&quot;,&quot;source&quot;:&quot;media_file&quot;,&quot;caption_source&quot;:&quot;none&quot;,&quot;play_speed&quot;:{&quot;unit&quot;:&quot;px&quot;,&quot;size&quot;:1,&quot;sizes&quot;:[]},&quot;start_point&quot;:{&quot;unit&quot;:&quot;%&quot;,&quot;size&quot;:0,&quot;sizes&quot;:[]},&quot;end_point&quot;:{&quot;unit&quot;:&quot;%&quot;,&quot;size&quot;:100,&quot;sizes&quot;:[]},&quot;renderer&quot;:&quot;svg&quot;}\" data-widget_type=\"lottie.default\">\n\t\t\t\t\t<a class=\"e-lottie__container__link\" href=\"#next\"><div class=\"e-lottie__container\"><div class=\"e-lottie__animation\"><\/div><\/div><\/a>\t\t\t\t<\/div>\n\t\t\t\t<\/div>\n\t\t\t\t<\/div>\n\t\t<div class=\"elementor-element elementor-element-4a4d148 elementor-hidden-desktop elementor-hidden-tablet e-con-full e-flex e-con e-child\" data-id=\"4a4d148\" data-element_type=\"container\" data-e-type=\"container\" data-settings=\"{&quot;background_background&quot;:&quot;classic&quot;}\">\n\t\t<div class=\"elementor-element elementor-element-bceb236 e-con-full e-flex e-con e-child\" data-id=\"bceb236\" data-element_type=\"container\" data-e-type=\"container\" data-settings=\"{&quot;background_background&quot;:&quot;slideshow&quot;,&quot;background_slideshow_gallery&quot;:[{&quot;id&quot;:3266,&quot;url&quot;:&quot;https:\\\/\\\/scharfstein.cl\\\/wp-content\\\/uploads\\\/2025\\\/12\\\/flota-Scharfstein-mobile.webp&quot;},{&quot;id&quot;:2608,&quot;url&quot;:&quot;https:\\\/\\\/scharfstein.cl\\\/wp-content\\\/uploads\\\/2025\\\/12\\\/servicio-tecnico-hero-mobile.webp&quot;}],&quot;animation_mobile&quot;:&quot;fadeIn&quot;,&quot;background_slideshow_loop&quot;:&quot;yes&quot;,&quot;background_slideshow_slide_duration&quot;:5000,&quot;background_slideshow_slide_transition&quot;:&quot;fade&quot;,&quot;background_slideshow_transition_duration&quot;:500}\">\n\t\t\t\t<\/div>\n\t\t<div class=\"elementor-element elementor-element-48ab9f7 e-con-full animated-slow elementor-hidden-desktop elementor-hidden-tablet e-flex elementor-invisible e-con e-child\" data-id=\"48ab9f7\" data-element_type=\"container\" data-e-type=\"container\" data-settings=\"{&quot;animation&quot;:&quot;fadeIn&quot;,&quot;animation_delay&quot;:200}\">\n\t\t\t\t<div class=\"elementor-element elementor-element-40016b6 elementor-widget elementor-widget-heading\" data-id=\"40016b6\" data-element_type=\"widget\" data-e-type=\"widget\" data-widget_type=\"heading.default\">\n\t\t\t\t\t<h2 class=\"elementor-heading-title elementor-size-default\">Servicio T\u00e9cnico<\/h2>\t\t\t\t<\/div>\n\t\t\t\t<div class=\"elementor-element elementor-element-fde2f7e elementor-widget elementor-widget-text-editor\" data-id=\"fde2f7e\" data-element_type=\"widget\" data-e-type=\"widget\" data-widget_type=\"text-editor.default\">\n\t\t\t\t\t\t\t\t\t<p>En Scharffstein, no solo ofrecemos soluciones tecnol\u00f3gicas, las mantenemos funcionando y las actualizamos para que operen con m\u00e1ximo rendimiento. Somos un equipo de ingenier\u00eda capacitado y certificado por nuestros proveedores para dar soporte postventa y mantenimiento a todas nuestras soluciones.<\/p>\t\t\t\t\t\t\t\t<\/div>\n\t\t\t\t<\/div>\n\t\t\t\t<\/div>\n\t\t<div class=\"elementor-element elementor-element-eee02d0 e-flex e-con-boxed e-con e-parent\" data-id=\"eee02d0\" data-element_type=\"container\" data-e-type=\"container\" id=\"next\">\n\t\t\t\t\t<div class=\"e-con-inner\">\n\t\t\t\t<div class=\"elementor-element elementor-element-d53666f elementor-widget__width-initial elementor-widget elementor-widget-heading\" data-id=\"d53666f\" data-element_type=\"widget\" data-e-type=\"widget\" data-widget_type=\"heading.default\">\n\t\t\t\t\t<h2 class=\"elementor-heading-title elementor-size-default\">No solo ofrecemos soluciones tecnol\u00f3gicas; las mantenemos funcionando a la perfecci\u00f3n<\/h2>\t\t\t\t<\/div>\n\t\t\t\t<div class=\"elementor-element elementor-element-7231809 elementor-widget__width-initial elementor-invisible elementor-widget elementor-widget-text-editor\" data-id=\"7231809\" data-element_type=\"widget\" data-e-type=\"widget\" data-settings=\"{&quot;_animation&quot;:&quot;fadeInUp&quot;}\" data-widget_type=\"text-editor.default\">\n\t\t\t\t\t\t\t\t\tLe entregamos un respaldo tangible para su negocio. Gestionamos directamente garant\u00edas y reparaciones de laboratorio, habilitando un canal de soporte preferencial para integradores que asegura atenci\u00f3n prioritaria y tiempos de respuesta \u00e1giles ante contingencias.\t\t\t\t\t\t\t\t<\/div>\n\t\t\t\t\t<\/div>\n\t\t\t\t<\/div>\n\t\t<div class=\"elementor-element elementor-element-23ba584 e-flex e-con-boxed e-con e-parent\" data-id=\"23ba584\" data-element_type=\"container\" data-e-type=\"container\" data-settings=\"{&quot;background_background&quot;:&quot;classic&quot;}\">\n\t\t\t\t\t<div class=\"e-con-inner\">\n\t\t\t\t<div class=\"elementor-element elementor-element-3419a21 elementor-widget elementor-widget-spacer\" data-id=\"3419a21\" data-element_type=\"widget\" data-e-type=\"widget\" data-widget_type=\"spacer.default\">\n\t\t\t\t\t\t\t<div class=\"elementor-spacer\">\n\t\t\t<div class=\"elementor-spacer-inner\"><\/div>\n\t\t<\/div>\n\t\t\t\t\t\t<\/div>\n\t\t<div class=\"elementor-element elementor-element-7863caa e-flex e-con-boxed e-con e-child\" data-id=\"7863caa\" data-element_type=\"container\" data-e-type=\"container\">\n\t\t\t\t\t<div class=\"e-con-inner\">\n\t\t\t\t<div class=\"elementor-element elementor-element-1854356 elementor-widget__width-initial elementor-widget elementor-widget-heading\" data-id=\"1854356\" data-element_type=\"widget\" data-e-type=\"widget\" data-widget_type=\"heading.default\">\n\t\t\t\t\t<h2 class=\"elementor-heading-title elementor-size-default\">Scharfstein <strong>Labs<\/h2>\t\t\t\t<\/div>\n\t\t\t\t<div class=\"elementor-element elementor-element-912ff48 elementor-widget__width-initial elementor-invisible elementor-widget elementor-widget-text-editor\" data-id=\"912ff48\" data-element_type=\"widget\" data-e-type=\"widget\" data-settings=\"{&quot;_animation&quot;:&quot;fadeInUp&quot;}\" data-widget_type=\"text-editor.default\">\n\t\t\t\t\t\t\t\t\tScharfstein Labs es nuestra incubadora de innovaci\u00f3n tecnol\u00f3gica. Aqu\u00ed desarrollamos soluciones integrales,desde la App hasta el software de gesti\u00f3n, que se refinan constantemente para evolucionar junto al usuario. Es el motor detr\u00e1s de \u00e9xitos como Smartki, donde fusionamos an\u00e1lisis de mercado e ingenier\u00eda para crear plataformas vivas que responden hoy a los desaf\u00edos del ma\u00f1ana.\t\t\t\t\t\t\t\t<\/div>\n\t\t\t\t\t<\/div>\n\t\t\t\t<\/div>\n\t\t\t\t\t<\/div>\n\t\t\t\t<\/div>\n\t\t<div class=\"elementor-element elementor-element-ce18c53 e-flex e-con-boxed e-con e-parent\" data-id=\"ce18c53\" data-element_type=\"container\" data-e-type=\"container\" data-settings=\"{&quot;background_background&quot;:&quot;classic&quot;}\">\n\t\t\t\t\t<div class=\"e-con-inner\">\n\t\t\t\t<div class=\"elementor-element elementor-element-8ab1a39 elementor-widget__width-initial elementor-widget elementor-widget-heading\" data-id=\"8ab1a39\" data-element_type=\"widget\" data-e-type=\"widget\" data-widget_type=\"heading.default\">\n\t\t\t\t\t<h2 class=\"elementor-heading-title elementor-size-default\">Entrenamientos<\/h2>\t\t\t\t<\/div>\n\t\t\t\t<div class=\"elementor-element elementor-element-92f5dc0 elementor-widget__width-initial elementor-invisible elementor-widget elementor-widget-text-editor\" data-id=\"92f5dc0\" data-element_type=\"widget\" data-e-type=\"widget\" data-settings=\"{&quot;_animation&quot;:&quot;fadeInUp&quot;}\" data-widget_type=\"text-editor.default\">\n\t\t\t\t\t\t\t\t\tImpulsamos el crecimiento de su negocio transfiriendo a trav\u00e9s del entrenamiento t\u00e9cnico. Brindamos capacitaciones y certificaciones gratuitas. Un espacio dise\u00f1ado para profundizar en nuestras tecnolog\u00edas y garantizar que cada instalaci\u00f3n suya cumpla con los m\u00e1s altos est\u00e1ndares de calidad.\t\t\t\t\t\t\t\t<\/div>\n\t\t<div class=\"elementor-element elementor-element-03e8c02 e-grid e-con-full e-con e-child\" data-id=\"03e8c02\" data-element_type=\"container\" data-e-type=\"container\">\n\t\t<div class=\"elementor-element elementor-element-893da3a e-con-full e-flex e-con e-child\" data-id=\"893da3a\" data-element_type=\"container\" data-e-type=\"container\" data-settings=\"{&quot;background_background&quot;:&quot;classic&quot;}\">\n\t\t\t\t<div class=\"elementor-element elementor-element-15b8443 elementor-widget elementor-widget-image\" data-id=\"15b8443\" data-element_type=\"widget\" data-e-type=\"widget\" data-widget_type=\"image.default\">\n\t\t\t\t\t\t\t\t\t\t\t\t\t\t\t<img decoding=\"async\" width=\"155\" height=\"22\" src=\"https:\/\/scharfstein.cl\/wp-content\/uploads\/2026\/01\/curso-ico.svg\" class=\"attachment-large size-large wp-image-3856\" alt=\"\" \/>\t\t\t\t\t\t\t\t\t\t\t\t\t\t\t<\/div>\n\t\t\t\t<div class=\"elementor-element elementor-element-c580f4f elementor-widget elementor-widget-heading\" data-id=\"c580f4f\" data-element_type=\"widget\" data-e-type=\"widget\" data-widget_type=\"heading.default\">\n\t\t\t\t\t<h2 class=\"elementor-heading-title elementor-size-default\">KIDDE<\/h2>\t\t\t\t<\/div>\n\t\t\t\t<\/div>\n\t\t<div class=\"elementor-element elementor-element-d375300 e-con-full e-flex e-con e-child\" data-id=\"d375300\" data-element_type=\"container\" data-e-type=\"container\" data-settings=\"{&quot;background_background&quot;:&quot;classic&quot;}\">\n\t\t\t\t<div class=\"elementor-element elementor-element-45efe55 elementor-widget elementor-widget-image\" data-id=\"45efe55\" data-element_type=\"widget\" data-e-type=\"widget\" data-widget_type=\"image.default\">\n\t\t\t\t\t\t\t\t\t\t\t\t\t\t\t<img decoding=\"async\" width=\"155\" height=\"22\" src=\"https:\/\/scharfstein.cl\/wp-content\/uploads\/2026\/01\/curso-ico.svg\" class=\"attachment-large size-large wp-image-3856\" alt=\"\" \/>\t\t\t\t\t\t\t\t\t\t\t\t\t\t\t<\/div>\n\t\t\t\t<div class=\"elementor-element elementor-element-a91401e elementor-widget elementor-widget-heading\" data-id=\"a91401e\" data-element_type=\"widget\" data-e-type=\"widget\" data-widget_type=\"heading.default\">\n\t\t\t\t\t<h2 class=\"elementor-heading-title elementor-size-default\">HIKVISION<\/h2>\t\t\t\t<\/div>\n\t\t\t\t<\/div>\n\t\t\t\t<\/div>\n\t\t<div class=\"elementor-element elementor-element-927f82a e-grid e-con-full e-con e-child\" data-id=\"927f82a\" data-element_type=\"container\" data-e-type=\"container\">\n\t\t<div class=\"elementor-element elementor-element-5375ab9 e-con-full e-flex e-con e-child\" data-id=\"5375ab9\" data-element_type=\"container\" data-e-type=\"container\" data-settings=\"{&quot;background_background&quot;:&quot;classic&quot;}\">\n\t\t\t\t<div class=\"elementor-element elementor-element-acf7693 elementor-widget elementor-widget-image\" data-id=\"acf7693\" data-element_type=\"widget\" data-e-type=\"widget\" data-widget_type=\"image.default\">\n\t\t\t\t\t\t\t\t\t\t\t\t\t\t\t<img decoding=\"async\" width=\"146\" height=\"22\" src=\"https:\/\/scharfstein.cl\/wp-content\/uploads\/2025\/08\/certificaciones-ico.svg\" class=\"attachment-large size-large wp-image-1995\" alt=\"\" \/>\t\t\t\t\t\t\t\t\t\t\t\t\t\t\t<\/div>\n\t\t\t\t<div class=\"elementor-element elementor-element-b72c14c elementor-widget elementor-widget-heading\" data-id=\"b72c14c\" data-element_type=\"widget\" data-e-type=\"widget\" data-widget_type=\"heading.default\">\n\t\t\t\t\t<h2 class=\"elementor-heading-title elementor-size-default\">AIPHONE GT \n<\/h2>\t\t\t\t<\/div>\n\t\t\t\t<\/div>\n\t\t<div class=\"elementor-element elementor-element-c15580d e-con-full e-flex e-con e-child\" data-id=\"c15580d\" data-element_type=\"container\" data-e-type=\"container\" data-settings=\"{&quot;background_background&quot;:&quot;classic&quot;}\">\n\t\t\t\t<div class=\"elementor-element elementor-element-2f48c5e elementor-widget elementor-widget-image\" data-id=\"2f48c5e\" data-element_type=\"widget\" data-e-type=\"widget\" data-widget_type=\"image.default\">\n\t\t\t\t\t\t\t\t\t\t\t\t\t\t\t<img decoding=\"async\" width=\"146\" height=\"22\" src=\"https:\/\/scharfstein.cl\/wp-content\/uploads\/2025\/08\/certificaciones-ico.svg\" class=\"attachment-large size-large wp-image-1995\" alt=\"\" \/>\t\t\t\t\t\t\t\t\t\t\t\t\t\t\t<\/div>\n\t\t\t\t<div class=\"elementor-element elementor-element-3abad9a elementor-widget elementor-widget-heading\" data-id=\"3abad9a\" data-element_type=\"widget\" data-e-type=\"widget\" data-widget_type=\"heading.default\">\n\t\t\t\t\t<h2 class=\"elementor-heading-title elementor-size-default\">AIPHONE IXG<\/h2>\t\t\t\t<\/div>\n\t\t\t\t<\/div>\n\t\t<div class=\"elementor-element elementor-element-1a9a67c e-con-full e-flex e-con e-child\" data-id=\"1a9a67c\" data-element_type=\"container\" data-e-type=\"container\" data-settings=\"{&quot;background_background&quot;:&quot;classic&quot;}\">\n\t\t\t\t<div class=\"elementor-element elementor-element-d76c3ef elementor-widget elementor-widget-image\" data-id=\"d76c3ef\" data-element_type=\"widget\" data-e-type=\"widget\" data-widget_type=\"image.default\">\n\t\t\t\t\t\t\t\t\t\t\t\t\t\t\t<img decoding=\"async\" width=\"146\" height=\"22\" src=\"https:\/\/scharfstein.cl\/wp-content\/uploads\/2025\/08\/certificaciones-ico.svg\" class=\"attachment-large size-large wp-image-1995\" alt=\"\" \/>\t\t\t\t\t\t\t\t\t\t\t\t\t\t\t<\/div>\n\t\t\t\t<div class=\"elementor-element elementor-element-856d790 elementor-widget elementor-widget-heading\" data-id=\"856d790\" data-element_type=\"widget\" data-e-type=\"widget\" data-widget_type=\"heading.default\">\n\t\t\t\t\t<h2 class=\"elementor-heading-title elementor-size-default\">REDSTONE + FANVIL<\/h2>\t\t\t\t<\/div>\n\t\t\t\t<\/div>\n\t\t<div class=\"elementor-element elementor-element-cd4c42f e-con-full e-flex e-con e-child\" data-id=\"cd4c42f\" data-element_type=\"container\" data-e-type=\"container\" data-settings=\"{&quot;background_background&quot;:&quot;classic&quot;}\">\n\t\t\t\t<div class=\"elementor-element elementor-element-5f75759 elementor-widget elementor-widget-image\" data-id=\"5f75759\" data-element_type=\"widget\" data-e-type=\"widget\" data-widget_type=\"image.default\">\n\t\t\t\t\t\t\t\t\t\t\t\t\t\t\t<img decoding=\"async\" width=\"146\" height=\"22\" src=\"https:\/\/scharfstein.cl\/wp-content\/uploads\/2025\/08\/certificaciones-ico.svg\" class=\"attachment-large size-large wp-image-1995\" alt=\"\" \/>\t\t\t\t\t\t\t\t\t\t\t\t\t\t\t<\/div>\n\t\t\t\t<div class=\"elementor-element elementor-element-2ba9c8c elementor-widget elementor-widget-heading\" data-id=\"2ba9c8c\" data-element_type=\"widget\" data-e-type=\"widget\" data-widget_type=\"heading.default\">\n\t\t\t\t\t<h2 class=\"elementor-heading-title elementor-size-default\">CONTROL DE ACCESOS FANVIL<\/h2>\t\t\t\t<\/div>\n\t\t\t\t<\/div>\n\t\t\t\t<\/div>\n\t\t\t\t\t<\/div>\n\t\t\t\t<\/div>\n\t\t\t\t<\/div>\n\t\t","protected":false},"excerpt":{"rendered":"<p>Servicio T\u00e9cnico Scharfstein: En Scharfstein, no solo ofrecemos soluciones tecnol\u00f3gicas, las mantenemos funcionando y las actualizamos para que operen con m\u00e1ximo rendimiento. Somos un equipo de ingenier\u00eda capacitado y certificado por nuestros proveedores para dar soporte postventa y mantenimiento a todas nuestras soluciones. En Scharffstein, no solo ofrecemos soluciones tecnol\u00f3gicas, las mantenemos funcionando y las [&hellip;]<\/p>\n","protected":false},"author":1,"featured_media":0,"parent":0,"menu_order":0,"comment_status":"closed","ping_status":"closed","template":"","meta":{"footnotes":""},"class_list":["post-27","page","type-page","status-publish","hentry"],"yoast_head":"<!-- This site is optimized with the Yoast SEO plugin v27.4 - https:\/\/yoast.com\/product\/yoast-seo-wordpress\/ -->\n<title>Servicio T\u00e9cnico | Scharfstein<\/title>\n<meta name=\"description\" content=\"Conoce Servicio T\u00e9cnico en Scharfstein. Experiencia, trayectoria y enfoque profesional al servicio de cada cliente.\" \/>\n<meta name=\"robots\" content=\"index, follow, max-snippet:-1, max-image-preview:large, max-video-preview:-1\" \/>\n<link rel=\"canonical\" href=\"https:\/\/scharfstein.cl\/en\/servicio-tecnico\/\" \/>\n<meta name=\"twitter:card\" content=\"summary_large_image\" \/>\n<meta name=\"twitter:title\" content=\"Servicio T\u00e9cnico | Scharfstein\" \/>\n<meta name=\"twitter:description\" content=\"Conoce Servicio T\u00e9cnico en Scharfstein. Experiencia, trayectoria y enfoque profesional al servicio de cada cliente.\" \/>\n<meta name=\"twitter:label1\" content=\"Est. reading time\" \/>\n\t<meta name=\"twitter:data1\" content=\"2 minutes\" \/>\n<!-- \/ Yoast SEO plugin. -->","yoast_head_json":{"title":"Servicio T\u00e9cnico | Scharfstein","description":"Conoce Servicio T\u00e9cnico en Scharfstein. Experiencia, trayectoria y enfoque profesional al servicio de cada cliente.","robots":{"index":"index","follow":"follow","max-snippet":"max-snippet:-1","max-image-preview":"max-image-preview:large","max-video-preview":"max-video-preview:-1"},"canonical":"https:\/\/scharfstein.cl\/en\/servicio-tecnico\/","twitter_card":"summary_large_image","twitter_title":"Servicio T\u00e9cnico | Scharfstein","twitter_description":"Conoce Servicio T\u00e9cnico en Scharfstein. Experiencia, trayectoria y enfoque profesional al servicio de cada cliente.","twitter_misc":{"Est. reading time":"2 minutes"},"schema":{"@context":"https:\/\/schema.org","@graph":[{"@type":"WebPage","@id":"https:\/\/scharfstein.cl\/servicio-tecnico\/","url":"https:\/\/scharfstein.cl\/servicio-tecnico\/","name":"Servicio T\u00e9cnico | Scharfstein","isPartOf":{"@id":"https:\/\/scharfstein.cl\/#website"},"primaryImageOfPage":{"@id":"https:\/\/scharfstein.cl\/servicio-tecnico\/#primaryimage"},"image":{"@id":"https:\/\/scharfstein.cl\/servicio-tecnico\/#primaryimage"},"thumbnailUrl":"https:\/\/scharfstein.cl\/wp-content\/uploads\/2026\/01\/curso-ico.svg","datePublished":"2025-07-29T20:20:09+00:00","dateModified":"2026-03-25T23:36:38+00:00","description":"Conoce Servicio T\u00e9cnico en Scharfstein. Experiencia, trayectoria y enfoque profesional al servicio de cada cliente.","breadcrumb":{"@id":"https:\/\/scharfstein.cl\/servicio-tecnico\/#breadcrumb"},"inLanguage":"en-US","potentialAction":[{"@type":"ReadAction","target":["https:\/\/scharfstein.cl\/servicio-tecnico\/"]}]},{"@type":"ImageObject","inLanguage":"en-US","@id":"https:\/\/scharfstein.cl\/servicio-tecnico\/#primaryimage","url":"https:\/\/scharfstein.cl\/wp-content\/uploads\/2026\/01\/curso-ico.svg","contentUrl":"https:\/\/scharfstein.cl\/wp-content\/uploads\/2026\/01\/curso-ico.svg"},{"@type":"BreadcrumbList","@id":"https:\/\/scharfstein.cl\/servicio-tecnico\/#breadcrumb","itemListElement":[{"@type":"ListItem","position":1,"name":"Scharfstein","item":"https:\/\/scharfstein.cl\/"},{"@type":"ListItem","position":2,"name":"Servicio T\u00e9cnico"}]},{"@type":"WebSite","@id":"https:\/\/scharfstein.cl\/#website","url":"https:\/\/scharfstein.cl\/","name":"Scharfstein","description":"Scharfstein S.A Chile: Hacemos f\u00e1cil la vida a trav\u00e9s de la tecnolog\u00eda. Fono: (+56 2) 2550 0000. Estacionamiento, Seguridad y Comunicaciones","publisher":{"@id":"https:\/\/scharfstein.cl\/#organization"},"alternateName":"Scharfstein","potentialAction":[{"@type":"SearchAction","target":{"@type":"EntryPoint","urlTemplate":"https:\/\/scharfstein.cl\/?s={search_term_string}"},"query-input":{"@type":"PropertyValueSpecification","valueRequired":true,"valueName":"search_term_string"}}],"inLanguage":"en-US"},{"@type":"Organization","@id":"https:\/\/scharfstein.cl\/#organization","name":"Scharfstein","alternateName":"Scharfstein","url":"https:\/\/scharfstein.cl\/","logo":{"@type":"ImageObject","inLanguage":"en-US","@id":"https:\/\/scharfstein.cl\/#\/schema\/logo\/image\/","url":"https:\/\/scharfstein.cl\/wp-content\/uploads\/2025\/08\/logo-scharfstein-para-form.png","contentUrl":"https:\/\/scharfstein.cl\/wp-content\/uploads\/2025\/08\/logo-scharfstein-para-form.png","width":200,"height":60,"caption":"Scharfstein"},"image":{"@id":"https:\/\/scharfstein.cl\/#\/schema\/logo\/image\/"},"sameAs":["https:\/\/www.linkedin.com\/company\/scharfstein-sa\/"]}]}},"_links":{"self":[{"href":"https:\/\/scharfstein.cl\/en\/wp-json\/wp\/v2\/pages\/27","targetHints":{"allow":["GET"]}}],"collection":[{"href":"https:\/\/scharfstein.cl\/en\/wp-json\/wp\/v2\/pages"}],"about":[{"href":"https:\/\/scharfstein.cl\/en\/wp-json\/wp\/v2\/types\/page"}],"author":[{"embeddable":true,"href":"https:\/\/scharfstein.cl\/en\/wp-json\/wp\/v2\/users\/1"}],"replies":[{"embeddable":true,"href":"https:\/\/scharfstein.cl\/en\/wp-json\/wp\/v2\/comments?post=27"}],"version-history":[{"count":5,"href":"https:\/\/scharfstein.cl\/en\/wp-json\/wp\/v2\/pages\/27\/revisions"}],"predecessor-version":[{"id":15641,"href":"https:\/\/scharfstein.cl\/en\/wp-json\/wp\/v2\/pages\/27\/revisions\/15641"}],"wp:attachment":[{"href":"https:\/\/scharfstein.cl\/en\/wp-json\/wp\/v2\/media?parent=27"}],"curies":[{"name":"wp","href":"https:\/\/api.w.org\/{rel}","templated":true}]}}