{"id":2155,"date":"2025-10-22T12:18:33","date_gmt":"2025-10-22T12:18:33","guid":{"rendered":"https:\/\/scharfstein.cl\/?page_id=2155"},"modified":"2026-03-18T22:24:01","modified_gmt":"2026-03-18T22:24:01","slug":"sistema-camaras-de-seguridad","status":"publish","type":"page","link":"https:\/\/scharfstein.cl\/en\/soluciones\/sistema-camaras-de-seguridad\/","title":{"rendered":"Security Cameras"},"content":{"rendered":"<div data-elementor-type=\"wp-page\" data-elementor-id=\"2155\" class=\"elementor elementor-2155\" data-elementor-post-type=\"page\">\n\t\t\t\t<div class=\"elementor-element elementor-element-89b1409 e-flex e-con-boxed e-con e-parent\" data-id=\"89b1409\" data-element_type=\"container\" data-e-type=\"container\" data-settings=\"{&quot;background_background&quot;:&quot;classic&quot;}\">\n\t\t\t\t\t<div class=\"e-con-inner\">\n\t\t\t\t<div class=\"elementor-element elementor-element-712bd7c elementor-view-default elementor-invisible elementor-widget elementor-widget-icon\" data-id=\"712bd7c\" data-element_type=\"widget\" data-e-type=\"widget\" data-settings=\"{&quot;_animation&quot;:&quot;fadeInUp&quot;}\" data-widget_type=\"icon.default\">\n\t\t\t\t\t\t\t<div class=\"elementor-icon-wrapper\">\n\t\t\t<div class=\"elementor-icon\">\n\t\t\t<svg xmlns=\"http:\/\/www.w3.org\/2000\/svg\" id=\"Capa_1\" viewbox=\"0 0 57 57\"><rect x=\"0\" width=\"57\" height=\"57\" rx=\"8.72\" ry=\"8.72\" fill=\"#3500cf\"><\/rect><g id=\"_x33_kKMCk.tif\"><g><path d=\"M44.27,23.02c.19,5.1.09,9.88-3.06,14.11-6.08,8.17-18.13,8.59-24.74.83-3.71-4.35-3.97-9.44-3.72-14.94h31.53ZM27.58,25.29c-4.93.59-7.59,6.22-5.05,10.47,2.44,4.09,8.3,4.52,11.33.86,4.04-4.89.02-12.09-6.27-11.33Z\" fill=\"#fff\"><\/path><path d=\"M47.54,20.79H9.47v-6.47c0-.34.85-.96,1.26-.82h35.56c.41-.13,1.26.48,1.26.82v6.47ZM35.09,17.41c-.53.43-.47,1.59.25,1.82.36.12,1.93.13,2.31.06.92-.17.92-1.74.09-2.01-.44-.14-2.3-.15-2.64.13ZM42.44,19.11c.59-.48.32-1.66-.36-1.86-.33-.1-1.81-.08-2.17,0-1.05.23-.98,1.78-.15,2.02.41.12,2.36.1,2.68-.16Z\" fill=\"#fff\"><\/path><path d=\"M27.57,27.52c7.16-1.05,7.45,9.37.99,9.48-5.79.1-6.5-8.68-.99-9.48ZM28.45,29.91c-3.45.07-2.48,5.72.94,4.33,2.29-.93,1.48-4.38-.94-4.33Z\" fill=\"#fff\"><\/path><\/g><\/g><\/svg>\t\t\t<\/div>\n\t\t<\/div>\n\t\t\t\t\t\t<\/div>\n\t\t\t\t<div class=\"elementor-element elementor-element-70ab1f8 elementor-widget__width-initial elementor-invisible elementor-widget elementor-widget-heading\" data-id=\"70ab1f8\" data-element_type=\"widget\" data-e-type=\"widget\" data-settings=\"{&quot;_animation&quot;:&quot;fadeInUp&quot;}\" data-widget_type=\"heading.default\">\n\t\t\t\t\t<h2 class=\"elementor-heading-title elementor-size-default\">Security Cameras<\/h2>\t\t\t\t<\/div>\n\t\t\t\t<div class=\"elementor-element elementor-element-633d43c elementor-widget__width-initial elementor-invisible elementor-widget elementor-widget-text-editor\" data-id=\"633d43c\" data-element_type=\"widget\" data-e-type=\"widget\" data-settings=\"{&quot;_animation&quot;:&quot;fadeInUp&quot;}\" data-widget_type=\"text-editor.default\">\n\t\t\t\t\t\t\t\t\t<p>Cameras designed to provide control, prevention, and confidence, featuring technology from leading brands like i-PRO and Hikvision. Depending on the environment, we offer solutions that combine advanced analytics with maximum durability in demanding conditions.<\/p>\t\t\t\t\t\t\t\t<\/div>\n\t\t<div class=\"elementor-element elementor-element-9c7df7d e-con-full animated-slow e-flex elementor-invisible e-con e-child\" data-id=\"9c7df7d\" data-element_type=\"container\" data-e-type=\"container\" data-settings=\"{&quot;animation&quot;:&quot;fadeIn&quot;}\">\n\t\t<div class=\"elementor-element elementor-element-f0f020d e-con-full e-flex e-con e-child\" data-id=\"f0f020d\" data-element_type=\"container\" data-e-type=\"container\" data-settings=\"{&quot;background_background&quot;:&quot;classic&quot;}\">\n\t\t\t\t<div class=\"elementor-element elementor-element-1b9732e elementor-widget elementor-widget-image\" data-id=\"1b9732e\" data-element_type=\"widget\" data-e-type=\"widget\" data-widget_type=\"image.default\">\n\t\t\t\t\t\t\t\t\t\t\t\t\t\t\t<img decoding=\"async\" width=\"195\" height=\"67\" src=\"https:\/\/scharfstein.cl\/wp-content\/uploads\/2025\/08\/Kikvision-logo.svg\" class=\"attachment-large size-large wp-image-574\" alt=\"\" \/>\t\t\t\t\t\t\t\t\t\t\t\t\t\t\t<\/div>\n\t\t\t\t<div class=\"elementor-element elementor-element-f42c723 elementor-widget elementor-widget-spacer\" data-id=\"f42c723\" data-element_type=\"widget\" data-e-type=\"widget\" data-widget_type=\"spacer.default\">\n\t\t\t\t\t\t\t<div class=\"elementor-spacer\">\n\t\t\t<div class=\"elementor-spacer-inner\"><\/div>\n\t\t<\/div>\n\t\t\t\t\t\t<\/div>\n\t\t\t\t<div class=\"elementor-element elementor-element-4472735 elementor-invisible elementor-widget elementor-widget-text-editor\" data-id=\"4472735\" data-element_type=\"widget\" data-e-type=\"widget\" data-settings=\"{&quot;_animation&quot;:&quot;fadeInUp&quot;}\" data-widget_type=\"text-editor.default\">\n\t\t\t\t\t\t\t\t\t<p>Hikvision offers highly resistant cameras capable of operating in demanding conditions thanks to their durability, waterproof design, and adaptability. A reliable solution for environments that require constant security.<\/p>\t\t\t\t\t\t\t\t<\/div>\n\t\t\t\t<div class=\"elementor-element elementor-element-2780132 elementor-align-left elementor-widget elementor-widget-button\" data-id=\"2780132\" data-element_type=\"widget\" data-e-type=\"widget\" data-widget_type=\"button.default\">\n\t\t\t\t\t\t\t\t\t\t<a class=\"elementor-button elementor-button-link elementor-size-sm elementor-animation-float\" href=\"https:\/\/scharfstein.cl\/en\/camaras-de-seguridad-plantilla\/hikvision\/\">\n\t\t\t\t\t\t<span class=\"elementor-button-content-wrapper\">\n\t\t\t\t\t\t\t\t\t<span class=\"elementor-button-text\">Read more \u2192<\/span>\n\t\t\t\t\t<\/span>\n\t\t\t\t\t<\/a>\n\t\t\t\t\t\t\t\t<\/div>\n\t\t\t\t<\/div>\n\t\t<div class=\"elementor-element elementor-element-3650e5b e-con-full e-flex e-con e-child\" data-id=\"3650e5b\" data-element_type=\"container\" data-e-type=\"container\" data-settings=\"{&quot;background_background&quot;:&quot;classic&quot;}\">\n\t\t\t\t<div class=\"elementor-element elementor-element-f0b2c4b elementor-widget elementor-widget-image\" data-id=\"f0b2c4b\" data-element_type=\"widget\" data-e-type=\"widget\" data-widget_type=\"image.default\">\n\t\t\t\t\t\t\t\t\t\t\t\t\t\t\t<img decoding=\"async\" width=\"195\" height=\"67\" src=\"https:\/\/scharfstein.cl\/wp-content\/uploads\/2025\/11\/iPro-logo.svg\" class=\"attachment-large size-large wp-image-2346\" alt=\"\" \/>\t\t\t\t\t\t\t\t\t\t\t\t\t\t\t<\/div>\n\t\t\t\t<div class=\"elementor-element elementor-element-689679e elementor-widget elementor-widget-spacer\" data-id=\"689679e\" data-element_type=\"widget\" data-e-type=\"widget\" data-widget_type=\"spacer.default\">\n\t\t\t\t\t\t\t<div class=\"elementor-spacer\">\n\t\t\t<div class=\"elementor-spacer-inner\"><\/div>\n\t\t<\/div>\n\t\t\t\t\t\t<\/div>\n\t\t\t\t<div class=\"elementor-element elementor-element-24553bc elementor-invisible elementor-widget elementor-widget-text-editor\" data-id=\"24553bc\" data-element_type=\"widget\" data-e-type=\"widget\" data-settings=\"{&quot;_animation&quot;:&quot;fadeInUp&quot;}\" data-widget_type=\"text-editor.default\">\n\t\t\t\t\t\t\t\t\t<p>i-PRO cameras are designed for environments where advanced analytics are key. Their technology enables smart monitoring with precise detection and tools that facilitate real-time decision-making.<\/p>\t\t\t\t\t\t\t\t<\/div>\n\t\t\t\t<div class=\"elementor-element elementor-element-d38b613 elementor-align-left elementor-widget elementor-widget-button\" data-id=\"d38b613\" data-element_type=\"widget\" data-e-type=\"widget\" data-widget_type=\"button.default\">\n\t\t\t\t\t\t\t\t\t\t<a class=\"elementor-button elementor-button-link elementor-size-sm elementor-animation-float\" href=\"https:\/\/scharfstein.cl\/en\/camaras-de-seguridad-plantilla\/ipro\/\">\n\t\t\t\t\t\t<span class=\"elementor-button-content-wrapper\">\n\t\t\t\t\t\t\t\t\t<span class=\"elementor-button-text\">Read more \u2192<\/span>\n\t\t\t\t\t<\/span>\n\t\t\t\t\t<\/a>\n\t\t\t\t\t\t\t\t<\/div>\n\t\t\t\t<\/div>\n\t\t\t\t<\/div>\n\t\t\t\t\t<\/div>\n\t\t\t\t<\/div>\n\t\t\t\t<\/div>","protected":false},"excerpt":{"rendered":"<p>C\u00e1maras dise\u00f1adas para entregar control, prevenci\u00f3n y confianza, con tecnolog\u00eda de marcas l\u00edderes como i-PRO y Hikvision. Seg\u00fan el entorno of recemos soluciones que combinan anal\u00edtica avanzada o m\u00e1xima resistencia en condiciones exigentes. Hikvision of rece c\u00e1maras altamente resistentes, capaces de operar en condiciones exigentes gracias a su durabilidad, impermeabilidad y adaptabilidad. Una soluci\u00f3n conf [&hellip;]<\/p>\n","protected":false},"author":1,"featured_media":0,"parent":23,"menu_order":0,"comment_status":"closed","ping_status":"closed","template":"","meta":{"footnotes":""},"class_list":["post-2155","page","type-page","status-publish","hentry"],"yoast_head":"<!-- This site is optimized with the Yoast SEO plugin v27.5 - https:\/\/yoast.com\/product\/yoast-seo-wordpress\/ -->\n<title>C\u00e1maras de Seguridad | Scharfstein<\/title>\n<meta name=\"description\" content=\"Conoce C\u00e1maras de Seguridad en Scharfstein. Experiencia, trayectoria y enfoque profesional al servicio de cada cliente.\" \/>\n<meta name=\"robots\" content=\"index, follow, max-snippet:-1, max-image-preview:large, max-video-preview:-1\" \/>\n<link rel=\"canonical\" href=\"https:\/\/scharfstein.cl\/en\/soluciones\/sistema-camaras-de-seguridad\/\" \/>\n<meta name=\"twitter:card\" content=\"summary_large_image\" \/>\n<meta name=\"twitter:title\" content=\"C\u00e1maras de Seguridad | Scharfstein\" \/>\n<meta name=\"twitter:description\" content=\"Conoce C\u00e1maras de Seguridad en Scharfstein. Experiencia, trayectoria y enfoque profesional al servicio de cada cliente.\" \/>\n<meta name=\"twitter:image\" content=\"https:\/\/scharfstein.cl\/wp-content\/uploads\/2025\/08\/Kikvision-logo.svg\" \/>\n<meta name=\"twitter:label1\" content=\"Est. reading time\" \/>\n\t<meta name=\"twitter:data1\" content=\"1 minute\" \/>\n<!-- \/ Yoast SEO plugin. -->","yoast_head_json":{"title":"C\u00e1maras de Seguridad | Scharfstein","description":"Conoce C\u00e1maras de Seguridad en Scharfstein. Experiencia, trayectoria y enfoque profesional al servicio de cada cliente.","robots":{"index":"index","follow":"follow","max-snippet":"max-snippet:-1","max-image-preview":"max-image-preview:large","max-video-preview":"max-video-preview:-1"},"canonical":"https:\/\/scharfstein.cl\/en\/soluciones\/sistema-camaras-de-seguridad\/","twitter_card":"summary_large_image","twitter_title":"C\u00e1maras de Seguridad | Scharfstein","twitter_description":"Conoce C\u00e1maras de Seguridad en Scharfstein. Experiencia, trayectoria y enfoque profesional al servicio de cada cliente.","twitter_image":"https:\/\/scharfstein.cl\/wp-content\/uploads\/2025\/08\/Kikvision-logo.svg","twitter_misc":{"Est. reading time":"1 minute"},"schema":{"@context":"https:\/\/schema.org","@graph":[{"@type":"WebPage","@id":"https:\/\/scharfstein.cl\/soluciones\/sistema-camaras-de-seguridad\/","url":"https:\/\/scharfstein.cl\/soluciones\/sistema-camaras-de-seguridad\/","name":"C\u00e1maras de Seguridad | Scharfstein","isPartOf":{"@id":"https:\/\/scharfstein.cl\/#website"},"primaryImageOfPage":{"@id":"https:\/\/scharfstein.cl\/soluciones\/sistema-camaras-de-seguridad\/#primaryimage"},"image":{"@id":"https:\/\/scharfstein.cl\/soluciones\/sistema-camaras-de-seguridad\/#primaryimage"},"thumbnailUrl":"https:\/\/scharfstein.cl\/wp-content\/uploads\/2025\/08\/Kikvision-logo.svg","datePublished":"2025-10-22T12:18:33+00:00","dateModified":"2026-03-18T22:24:01+00:00","description":"Conoce C\u00e1maras de Seguridad en Scharfstein. Experiencia, trayectoria y enfoque profesional al servicio de cada cliente.","breadcrumb":{"@id":"https:\/\/scharfstein.cl\/soluciones\/sistema-camaras-de-seguridad\/#breadcrumb"},"inLanguage":"en-US","potentialAction":[{"@type":"ReadAction","target":["https:\/\/scharfstein.cl\/soluciones\/sistema-camaras-de-seguridad\/"]}]},{"@type":"ImageObject","inLanguage":"en-US","@id":"https:\/\/scharfstein.cl\/soluciones\/sistema-camaras-de-seguridad\/#primaryimage","url":"https:\/\/scharfstein.cl\/wp-content\/uploads\/2025\/08\/Kikvision-logo.svg","contentUrl":"https:\/\/scharfstein.cl\/wp-content\/uploads\/2025\/08\/Kikvision-logo.svg"},{"@type":"BreadcrumbList","@id":"https:\/\/scharfstein.cl\/soluciones\/sistema-camaras-de-seguridad\/#breadcrumb","itemListElement":[{"@type":"ListItem","position":1,"name":"Scharfstein","item":"https:\/\/scharfstein.cl\/"},{"@type":"ListItem","position":2,"name":"Soluciones","item":"https:\/\/scharfstein.cl\/soluciones\/"},{"@type":"ListItem","position":3,"name":"C\u00e1maras de Seguridad"}]},{"@type":"WebSite","@id":"https:\/\/scharfstein.cl\/#website","url":"https:\/\/scharfstein.cl\/","name":"Scharfstein","description":"Scharfstein S.A Chile: Hacemos f\u00e1cil la vida a trav\u00e9s de la tecnolog\u00eda. Fono: (+56 2) 2550 0000. Estacionamiento, Seguridad y Comunicaciones","publisher":{"@id":"https:\/\/scharfstein.cl\/#organization"},"alternateName":"Scharfstein","potentialAction":[{"@type":"SearchAction","target":{"@type":"EntryPoint","urlTemplate":"https:\/\/scharfstein.cl\/?s={search_term_string}"},"query-input":{"@type":"PropertyValueSpecification","valueRequired":true,"valueName":"search_term_string"}}],"inLanguage":"en-US"},{"@type":"Organization","@id":"https:\/\/scharfstein.cl\/#organization","name":"Scharfstein","alternateName":"Scharfstein","url":"https:\/\/scharfstein.cl\/","logo":{"@type":"ImageObject","inLanguage":"en-US","@id":"https:\/\/scharfstein.cl\/#\/schema\/logo\/image\/","url":"https:\/\/scharfstein.cl\/wp-content\/uploads\/2025\/08\/logo-scharfstein-para-form.png","contentUrl":"https:\/\/scharfstein.cl\/wp-content\/uploads\/2025\/08\/logo-scharfstein-para-form.png","width":200,"height":60,"caption":"Scharfstein"},"image":{"@id":"https:\/\/scharfstein.cl\/#\/schema\/logo\/image\/"},"sameAs":["https:\/\/www.linkedin.com\/company\/scharfstein-sa\/"]}]}},"_links":{"self":[{"href":"https:\/\/scharfstein.cl\/en\/wp-json\/wp\/v2\/pages\/2155","targetHints":{"allow":["GET"]}}],"collection":[{"href":"https:\/\/scharfstein.cl\/en\/wp-json\/wp\/v2\/pages"}],"about":[{"href":"https:\/\/scharfstein.cl\/en\/wp-json\/wp\/v2\/types\/page"}],"author":[{"embeddable":true,"href":"https:\/\/scharfstein.cl\/en\/wp-json\/wp\/v2\/users\/1"}],"replies":[{"embeddable":true,"href":"https:\/\/scharfstein.cl\/en\/wp-json\/wp\/v2\/comments?post=2155"}],"version-history":[{"count":5,"href":"https:\/\/scharfstein.cl\/en\/wp-json\/wp\/v2\/pages\/2155\/revisions"}],"predecessor-version":[{"id":4992,"href":"https:\/\/scharfstein.cl\/en\/wp-json\/wp\/v2\/pages\/2155\/revisions\/4992"}],"up":[{"embeddable":true,"href":"https:\/\/scharfstein.cl\/en\/wp-json\/wp\/v2\/pages\/23"}],"wp:attachment":[{"href":"https:\/\/scharfstein.cl\/en\/wp-json\/wp\/v2\/media?parent=2155"}],"curies":[{"name":"wp","href":"https:\/\/api.w.org\/{rel}","templated":true}]}}