{"id":2035,"date":"2025-09-03T15:19:17","date_gmt":"2025-09-03T15:19:17","guid":{"rendered":"https:\/\/scharfstein.cl\/mi-cuenta\/"},"modified":"2025-09-03T15:19:17","modified_gmt":"2025-09-03T15:19:17","slug":"mi-cuenta","status":"publish","type":"page","link":"https:\/\/scharfstein.cl\/en\/mi-cuenta\/","title":{"rendered":"Mi cuenta"},"content":{"rendered":"<div class=\"woocommerce\"><\/div>","protected":false},"excerpt":{"rendered":"","protected":false},"author":1,"featured_media":0,"parent":0,"menu_order":0,"comment_status":"closed","ping_status":"closed","template":"","meta":{"footnotes":""},"class_list":["post-2035","page","type-page","status-publish","hentry"],"yoast_head":"<!-- This site is optimized with the Yoast SEO plugin v27.5 - https:\/\/yoast.com\/product\/yoast-seo-wordpress\/ -->\n<title>Mi cuenta | Scharfstein<\/title>\n<meta name=\"description\" content=\"Conoce Mi cuenta en Scharfstein. Experiencia, trayectoria y enfoque profesional al servicio de cada cliente.\" \/>\n<meta name=\"robots\" content=\"index, follow, max-snippet:-1, max-image-preview:large, max-video-preview:-1\" \/>\n<link rel=\"canonical\" href=\"https:\/\/scharfstein.cl\/en\/mi-cuenta\/\" \/>\n<meta name=\"twitter:card\" content=\"summary_large_image\" \/>\n<meta name=\"twitter:title\" content=\"Mi cuenta | Scharfstein\" \/>\n<meta name=\"twitter:description\" content=\"Conoce Mi cuenta en Scharfstein. Experiencia, trayectoria y enfoque profesional al servicio de cada cliente.\" \/>\n<!-- \/ Yoast SEO plugin. -->","yoast_head_json":{"title":"Mi cuenta | Scharfstein","description":"Conoce Mi cuenta en Scharfstein. Experiencia, trayectoria y enfoque profesional al servicio de cada cliente.","robots":{"index":"index","follow":"follow","max-snippet":"max-snippet:-1","max-image-preview":"max-image-preview:large","max-video-preview":"max-video-preview:-1"},"canonical":"https:\/\/scharfstein.cl\/en\/mi-cuenta\/","twitter_card":"summary_large_image","twitter_title":"Mi cuenta | Scharfstein","twitter_description":"Conoce Mi cuenta en Scharfstein. Experiencia, trayectoria y enfoque profesional al servicio de cada cliente.","schema":{"@context":"https:\/\/schema.org","@graph":[{"@type":"WebPage","@id":"https:\/\/scharfstein.cl\/mi-cuenta\/","url":"https:\/\/scharfstein.cl\/mi-cuenta\/","name":"Mi cuenta | Scharfstein","isPartOf":{"@id":"https:\/\/scharfstein.cl\/#website"},"datePublished":"2025-09-03T15:19:17+00:00","description":"Conoce Mi cuenta en Scharfstein. Experiencia, trayectoria y enfoque profesional al servicio de cada cliente.","breadcrumb":{"@id":"https:\/\/scharfstein.cl\/mi-cuenta\/#breadcrumb"},"inLanguage":"en-US","potentialAction":[{"@type":"ReadAction","target":["https:\/\/scharfstein.cl\/mi-cuenta\/"]}]},{"@type":"BreadcrumbList","@id":"https:\/\/scharfstein.cl\/mi-cuenta\/#breadcrumb","itemListElement":[{"@type":"ListItem","position":1,"name":"Scharfstein","item":"https:\/\/scharfstein.cl\/"},{"@type":"ListItem","position":2,"name":"Mi cuenta"}]},{"@type":"WebSite","@id":"https:\/\/scharfstein.cl\/#website","url":"https:\/\/scharfstein.cl\/","name":"Scharfstein","description":"Scharfstein S.A Chile: Hacemos f\u00e1cil la vida a trav\u00e9s de la tecnolog\u00eda. Fono: (+56 2) 2550 0000. Estacionamiento, Seguridad y Comunicaciones","publisher":{"@id":"https:\/\/scharfstein.cl\/#organization"},"alternateName":"Scharfstein","potentialAction":[{"@type":"SearchAction","target":{"@type":"EntryPoint","urlTemplate":"https:\/\/scharfstein.cl\/?s={search_term_string}"},"query-input":{"@type":"PropertyValueSpecification","valueRequired":true,"valueName":"search_term_string"}}],"inLanguage":"en-US"},{"@type":"Organization","@id":"https:\/\/scharfstein.cl\/#organization","name":"Scharfstein","alternateName":"Scharfstein","url":"https:\/\/scharfstein.cl\/","logo":{"@type":"ImageObject","inLanguage":"en-US","@id":"https:\/\/scharfstein.cl\/#\/schema\/logo\/image\/","url":"https:\/\/scharfstein.cl\/wp-content\/uploads\/2025\/08\/logo-scharfstein-para-form.png","contentUrl":"https:\/\/scharfstein.cl\/wp-content\/uploads\/2025\/08\/logo-scharfstein-para-form.png","width":200,"height":60,"caption":"Scharfstein"},"image":{"@id":"https:\/\/scharfstein.cl\/#\/schema\/logo\/image\/"},"sameAs":["https:\/\/www.linkedin.com\/company\/scharfstein-sa\/"]}]}},"_links":{"self":[{"href":"https:\/\/scharfstein.cl\/en\/wp-json\/wp\/v2\/pages\/2035","targetHints":{"allow":["GET"]}}],"collection":[{"href":"https:\/\/scharfstein.cl\/en\/wp-json\/wp\/v2\/pages"}],"about":[{"href":"https:\/\/scharfstein.cl\/en\/wp-json\/wp\/v2\/types\/page"}],"author":[{"embeddable":true,"href":"https:\/\/scharfstein.cl\/en\/wp-json\/wp\/v2\/users\/1"}],"replies":[{"embeddable":true,"href":"https:\/\/scharfstein.cl\/en\/wp-json\/wp\/v2\/comments?post=2035"}],"version-history":[{"count":0,"href":"https:\/\/scharfstein.cl\/en\/wp-json\/wp\/v2\/pages\/2035\/revisions"}],"wp:attachment":[{"href":"https:\/\/scharfstein.cl\/en\/wp-json\/wp\/v2\/media?parent=2035"}],"curies":[{"name":"wp","href":"https:\/\/api.w.org\/{rel}","templated":true}]}}