{"id":1036,"date":"2025-08-06T15:32:18","date_gmt":"2025-08-06T15:32:18","guid":{"rendered":"https:\/\/scharfstein.cl\/?page_id=1036"},"modified":"2026-03-24T14:23:06","modified_gmt":"2026-03-24T14:23:06","slug":"sistemas-de-estacionamiento","status":"publish","type":"page","link":"https:\/\/scharfstein.cl\/en\/soluciones\/sistemas-de-estacionamiento\/","title":{"rendered":"Parking Control"},"content":{"rendered":"<div data-elementor-type=\"wp-page\" data-elementor-id=\"1036\" class=\"elementor elementor-1036\" data-elementor-post-type=\"page\">\n\t\t\t\t<div class=\"elementor-element elementor-element-da0af76 e-flex e-con-boxed e-con e-parent\" data-id=\"da0af76\" data-element_type=\"container\" data-e-type=\"container\" data-settings=\"{&quot;background_background&quot;:&quot;classic&quot;}\">\n\t\t\t\t\t<div class=\"e-con-inner\">\n\t\t\t\t<div class=\"elementor-element elementor-element-48aa89b elementor-view-default elementor-invisible elementor-widget elementor-widget-icon\" data-id=\"48aa89b\" data-element_type=\"widget\" data-e-type=\"widget\" data-settings=\"{&quot;_animation&quot;:&quot;fadeInUp&quot;}\" data-widget_type=\"icon.default\">\n\t\t\t\t\t\t\t<div class=\"elementor-icon-wrapper\">\n\t\t\t<div class=\"elementor-icon\">\n\t\t\t<svg xmlns=\"http:\/\/www.w3.org\/2000\/svg\" id=\"Capa_1\" viewbox=\"0 0 57 57\"><rect width=\"57\" height=\"57\" rx=\"8.72\" ry=\"8.72\" fill=\"#3500ce\"><\/rect><g id=\"zCWtfF\"><g><path d=\"M11.1,36.23c.07-1.49-.18-3.27.3-5.01.04-.14.07-.27.11-.41.18-.65.77-1.32-.5-1.69-.74-.22-.86-2.05-.31-2.67.4-.46.9-.41,1.43-.26.62.17,1.28-.17,1.52-.76.29-.72.58-1.44.88-2.16.53-1.26,1.5-1.95,2.85-1.96,4.29-.03,8.58-.03,12.87,0,1.32,0,2.28.69,2.8,1.91.39.91.78,1.82,1.12,2.75.16.43.38.54.78.37.11-.04.22-.08.34-.11.98-.27,1.45-.16,1.76.39.33.58.18,1.98-.27,2.41-.13.13-.3.28-.47.3-.57.07-.62.31-.48.72.39,1.15.67,2.35.67,3.57,0,2.07,0,4.14,0,6.21,0,1.34-.49,1.81-1.85,1.82-.45,0-.9.02-1.34,0-.93-.04-1.46-.6-1.52-1.53-.03-.51.23-1.18-.12-1.49-.37-.32-1.04-.1-1.58-.1-4.5,0-9.01,0-13.51-.02-.59,0-.9.1-.79.76.05.28.01.56,0,.85-.03.93-.57,1.48-1.51,1.52-.56.02-1.13.02-1.69,0-.82-.04-1.48-.71-1.49-1.53-.02-1.2,0-2.41,0-3.88ZM23.77,29.75c2.85,0,5.7,0,8.55,0,1.34,0,1.4-.57.53-2.17-.61-1.11-1.03-2.31-1.39-3.52-.53-1.75-1.99-2-4.32-1.07-2.1.84-4.44.92-6.52.06-2.42-1-3.93-.76-4.46,1.01-.36,1.19-.81,2.35-1.38,3.46-.88,1.71-.84,2.24.59,2.24,2.8,0,5.61,0,8.41,0ZM31.19,35.81c.59,0,1.18,0,1.76,0,.54,0,.84-.23.81-.81-.02-.45-.03-.89,0-1.34.04-.66-.22-.96-.9-.93-.73.03-1.46,0-2.19,0-2.29.02-2.08-.36-2.09,2.2,0,.64.29.89.91.87.56-.02,1.13,0,1.69,0ZM16.36,35.8c.64,0,1.28,0,1.92,0,.38,0,.68-.32.68-.7,0-.56,0-1.11,0-1.67,0-.39-.33-.69-.72-.69-1.25,0-2.49,0-3.74,0-.38,0-.69.31-.69.69,0,.54.01,1.08,0,1.63-.01.51.24.74.72.75.61,0,1.22,0,1.83,0Z\" fill=\"#fff\"><\/path><path d=\"M40.83,33.44c0-2.4-.01-4.79.01-7.19,0-.35-.28-.6-.63-.58-.68.04-1.37.02-2.05,0-1-.03-1.81-.84-1.82-1.84-.03-2.24-.03-4.48,0-6.72.02-1.02.75-1.73,1.77-1.75,2.24-.03,4.48-.03,6.72,0,.99.01,1.8.83,1.81,1.82.02,2.2.02,4.4,0,6.6,0,1.03-.83,1.86-1.86,1.88-.66.02-1.32.04-1.98,0-.54-.04-.67.14-.67.67.03,2.8.01,5.61.01,8.41,0,1.84,0,3.68,0,5.51,0,.51.11,1.17-.64,1.18-.74.01-.67-.63-.67-1.15,0-2.29,0-4.57,0-6.86ZM39.05,20.54c0,.78.02,1.56,0,2.33-.02.54.1.82.74.82.64,0,.68-.34.65-.81-.02-.28.01-.57,0-.85-.02-.39.14-.56.53-.56.42,0,.85,0,1.27-.05,1.07-.14,1.69-.88,1.69-2,0-1.13-.6-1.82-1.7-1.97-.84-.11-1.69-.07-2.54-.09-.36,0-.63.29-.63.64.02.85,0,1.69,0,2.54Z\" fill=\"#fff\"><\/path><path d=\"M40.43,19.29c-.08-.47.04-.81.73-.77,1.05.06,1.38.24,1.38.9,0,.67-.37.85-1.47.89-.81.03-.62-.49-.64-1.02Z\" fill=\"#fff\"><\/path><\/g><\/g><\/svg>\t\t\t<\/div>\n\t\t<\/div>\n\t\t\t\t\t\t<\/div>\n\t\t\t\t<div class=\"elementor-element elementor-element-79f8ee1 elementor-widget__width-initial elementor-invisible elementor-widget elementor-widget-heading\" data-id=\"79f8ee1\" data-element_type=\"widget\" data-e-type=\"widget\" data-settings=\"{&quot;_animation&quot;:&quot;fadeInUp&quot;}\" data-widget_type=\"heading.default\">\n\t\t\t\t\t<h2 class=\"elementor-heading-title elementor-size-default\">Parking Control<\/h2>\t\t\t\t<\/div>\n\t\t<div class=\"elementor-element elementor-element-65d9c73 e-con-full e-flex e-con e-child\" data-id=\"65d9c73\" data-element_type=\"container\" data-e-type=\"container\">\n\t\t<div class=\"elementor-element elementor-element-a249b80 e-con-full e-flex e-con e-child\" data-id=\"a249b80\" data-element_type=\"container\" data-e-type=\"container\" data-settings=\"{&quot;background_background&quot;:&quot;classic&quot;}\">\n\t\t<div class=\"elementor-element elementor-element-5075818 e-con-full e-flex e-con e-child\" data-id=\"5075818\" data-element_type=\"container\" data-e-type=\"container\">\n\t\t\t\t<div class=\"elementor-element elementor-element-f883d8e elementor-widget__width-initial elementor-view-default elementor-widget elementor-widget-icon\" data-id=\"f883d8e\" data-element_type=\"widget\" data-e-type=\"widget\" data-widget_type=\"icon.default\">\n\t\t\t\t\t\t\t<div class=\"elementor-icon-wrapper\">\n\t\t\t<div class=\"elementor-icon\">\n\t\t\t<svg xmlns=\"http:\/\/www.w3.org\/2000\/svg\" id=\"Capa_1\" viewbox=\"0 0 57 57\"><rect width=\"57\" height=\"57\" rx=\"8.72\" ry=\"8.72\" fill=\"#3500cf\"><\/rect><g><path d=\"M15.81,40.04c.07-1.49-.18-3.27.3-5.01.04-.14.07-.27.11-.41.18-.65.77-1.32-.5-1.69-.74-.22-.86-2.05-.31-2.67.4-.46.9-.41,1.43-.26,1.09.3,1.09.29,1.52-.76.29-.72.58-1.44.88-2.16.53-1.26,1.5-1.95,2.85-1.96,4.29-.03,8.58-.03,12.87,0,1.32,0,2.28.69,2.8,1.91.39.91.78,1.82,1.12,2.75.16.43.38.54.78.37.11-.04.22-.08.34-.11.98-.27,1.45-.16,1.76.39.33.58.18,1.98-.27,2.41-.13.13-.3.28-.47.3-.64.08-.63.37-.42.88.44,1.1.61,2.27.61,3.46,0,2.05,0,4.1,0,6.15,0,1.34-.49,1.81-1.85,1.82-.45,0-.9.02-1.34,0-.93-.04-1.46-.6-1.52-1.53-.03-.51.23-1.18-.12-1.49-.37-.32-1.04-.1-1.58-.1-4.5,0-9.01,0-13.51-.02-.59,0-.9.1-.79.76.05.28.01.56,0,.85-.03.93-.57,1.48-1.51,1.52-.56.02-1.13.02-1.7,0-.93-.04-1.47-.6-1.48-1.53-.02-1.2,0-2.41,0-3.88ZM28.48,33.56c2.85,0,5.7,0,8.55,0,1.08,0,1.33-.37.93-1.35-.63-1.55-1.27-3.09-1.9-4.64-.36-.9-1.02-1.31-1.97-1.31-3.72,0-7.44,0-11.17,0-.95,0-1.61.42-1.97,1.31-.62,1.53-1.25,3.05-1.87,4.57-.43,1.07-.19,1.42.98,1.42,2.8,0,5.61,0,8.41,0ZM35.9,39.61c.59,0,1.18,0,1.76,0,.54,0,.84-.23.81-.81-.02-.45-.03-.89,0-1.34.04-.66-.22-.96-.9-.93-.73.03-1.46,0-2.19,0-2.29.02-2.08-.36-2.09,2.2,0,.64.29.89.91.87.56-.02,1.13,0,1.69,0ZM21.07,39.61c.63,0,1.27,0,1.9,0,.45,0,.7-.24.7-.7,0-.56,0-1.13,0-1.69,0-.46-.26-.67-.72-.67-1.25,0-2.49,0-3.74,0-.46,0-.69.23-.69.69,0,.54.01,1.08,0,1.62-.01.51.24.74.72.75.61,0,1.22,0,1.83,0Z\" fill=\"#fff\"><\/path><g id=\"v3vNWj.tif\"><g><path d=\"M36.56,12.36c.26.17,1.24-.29,1.51.48.35,1.02-.75,1.23-1.52,1.11v.78c.69.04,1.73-.05,1.58.98-.14.94-1.34.5-1.57.65-.11.07-.05.68-.74.8l-14.5.02c-.86-.1-.72-.72-.87-.82-.23-.15-1.43.29-1.57-.65-.15-.99.87-.99,1.58-.93v-.83c-.66.07-1.65.04-1.58-.86.08-1.07,1.29-.54,1.57-.72.1-.07.05-.71.73-.81h14.59c.78.09.68.73.8.81ZM34.89,13.12h-12.78v2.4h12.78v-2.4Z\" fill=\"#fff\"><\/path><path d=\"M23.66,17.95c.59-.01.97.63.73,1.17-.1.23-.89,1.04-1.11,1.14-.75.32-1.4-.27-1.13-1.05.12-.34,1.13-1.25,1.51-1.26Z\" fill=\"#fff\"><\/path><path d=\"M33.29,17.95c.46-.03,1.5.95,1.59,1.38.15.72-.46,1.19-1.14.91-.24-.1-.98-.84-1.1-1.08-.27-.53.06-1.18.65-1.22Z\" fill=\"#fff\"><\/path><path d=\"M28.33,18.77c1.2-.23,1.29,1.84.6,2.25-1.39.82-1.76-2.03-.6-2.25Z\" fill=\"#fff\"><\/path><\/g><\/g><\/g><\/svg>\t\t\t<\/div>\n\t\t<\/div>\n\t\t\t\t\t\t<\/div>\n\t\t<div class=\"elementor-element elementor-element-737199b e-con-full e-flex e-con e-child\" data-id=\"737199b\" data-element_type=\"container\" data-e-type=\"container\">\n\t\t\t\t<div class=\"elementor-element elementor-element-672221d elementor-widget elementor-widget-heading\" data-id=\"672221d\" data-element_type=\"widget\" data-e-type=\"widget\" data-widget_type=\"heading.default\">\n\t\t\t\t\t<h2 class=\"elementor-heading-title elementor-size-default\">Solutions<\/h2>\t\t\t\t<\/div>\n\t\t\t\t<div class=\"elementor-element elementor-element-0cdb503 elementor-widget elementor-widget-heading\" data-id=\"0cdb503\" data-element_type=\"widget\" data-e-type=\"widget\" data-widget_type=\"heading.default\">\n\t\t\t\t\t<h1 class=\"elementor-heading-title elementor-size-default\">Parking Guidance Systems<\/h1>\t\t\t\t<\/div>\n\t\t\t\t<\/div>\n\t\t\t\t<\/div>\n\t\t\t\t<div class=\"elementor-element elementor-element-aed4c2c elementor-widget elementor-widget-spacer\" data-id=\"aed4c2c\" data-element_type=\"widget\" data-e-type=\"widget\" data-widget_type=\"spacer.default\">\n\t\t\t\t\t\t\t<div class=\"elementor-spacer\">\n\t\t\t<div class=\"elementor-spacer-inner\"><\/div>\n\t\t<\/div>\n\t\t\t\t\t\t<\/div>\n\t\t\t\t<div class=\"elementor-element elementor-element-3c90c09 elementor-align-left elementor-widget elementor-widget-button\" data-id=\"3c90c09\" data-element_type=\"widget\" data-e-type=\"widget\" id=\"boton-azul\" data-widget_type=\"button.default\">\n\t\t\t\t\t\t\t\t\t\t<a class=\"elementor-button elementor-button-link elementor-size-sm elementor-animation-float\" href=\"https:\/\/scharfstein.cl\/en\/guiado-de-estacionamiento\/\">\n\t\t\t\t\t\t<span class=\"elementor-button-content-wrapper\">\n\t\t\t\t\t\t\t\t\t<span class=\"elementor-button-text\">Read more \u2192<\/span>\n\t\t\t\t\t<\/span>\n\t\t\t\t\t<\/a>\n\t\t\t\t\t\t\t\t<\/div>\n\t\t\t\t<\/div>\n\t\t<div class=\"elementor-element elementor-element-f4635c8 e-con-full e-flex e-con e-child\" data-id=\"f4635c8\" data-element_type=\"container\" data-e-type=\"container\" data-settings=\"{&quot;background_background&quot;:&quot;classic&quot;}\">\n\t\t<div class=\"elementor-element elementor-element-2e7723e e-con-full e-flex e-con e-child\" data-id=\"2e7723e\" data-element_type=\"container\" data-e-type=\"container\">\n\t\t\t\t<div class=\"elementor-element elementor-element-9915808 elementor-widget__width-initial elementor-view-default elementor-widget elementor-widget-icon\" data-id=\"9915808\" data-element_type=\"widget\" data-e-type=\"widget\" data-widget_type=\"icon.default\">\n\t\t\t\t\t\t\t<div class=\"elementor-icon-wrapper\">\n\t\t\t<div class=\"elementor-icon\">\n\t\t\t<svg xmlns=\"http:\/\/www.w3.org\/2000\/svg\" id=\"Capa_1\" viewbox=\"0 0 57 57\"><rect width=\"57\" height=\"57\" rx=\"8.72\" ry=\"8.72\" fill=\"#3500ce\"><\/rect><g id=\"zCWtfF\"><g><path d=\"M11.1,36.23c.07-1.49-.18-3.27.3-5.01.04-.14.07-.27.11-.41.18-.65.77-1.32-.5-1.69-.74-.22-.86-2.05-.31-2.67.4-.46.9-.41,1.43-.26.62.17,1.28-.17,1.52-.76.29-.72.58-1.44.88-2.16.53-1.26,1.5-1.95,2.85-1.96,4.29-.03,8.58-.03,12.87,0,1.32,0,2.28.69,2.8,1.91.39.91.78,1.82,1.12,2.75.16.43.38.54.78.37.11-.04.22-.08.34-.11.98-.27,1.45-.16,1.76.39.33.58.18,1.98-.27,2.41-.13.13-.3.28-.47.3-.57.07-.62.31-.48.72.39,1.15.67,2.35.67,3.57,0,2.07,0,4.14,0,6.21,0,1.34-.49,1.81-1.85,1.82-.45,0-.9.02-1.34,0-.93-.04-1.46-.6-1.52-1.53-.03-.51.23-1.18-.12-1.49-.37-.32-1.04-.1-1.58-.1-4.5,0-9.01,0-13.51-.02-.59,0-.9.1-.79.76.05.28.01.56,0,.85-.03.93-.57,1.48-1.51,1.52-.56.02-1.13.02-1.69,0-.82-.04-1.48-.71-1.49-1.53-.02-1.2,0-2.41,0-3.88ZM23.77,29.75c2.85,0,5.7,0,8.55,0,1.34,0,1.4-.57.53-2.17-.61-1.11-1.03-2.31-1.39-3.52-.53-1.75-1.99-2-4.32-1.07-2.1.84-4.44.92-6.52.06-2.42-1-3.93-.76-4.46,1.01-.36,1.19-.81,2.35-1.38,3.46-.88,1.71-.84,2.24.59,2.24,2.8,0,5.61,0,8.41,0ZM31.19,35.81c.59,0,1.18,0,1.76,0,.54,0,.84-.23.81-.81-.02-.45-.03-.89,0-1.34.04-.66-.22-.96-.9-.93-.73.03-1.46,0-2.19,0-2.29.02-2.08-.36-2.09,2.2,0,.64.29.89.91.87.56-.02,1.13,0,1.69,0ZM16.36,35.8c.64,0,1.28,0,1.92,0,.38,0,.68-.32.68-.7,0-.56,0-1.11,0-1.67,0-.39-.33-.69-.72-.69-1.25,0-2.49,0-3.74,0-.38,0-.69.31-.69.69,0,.54.01,1.08,0,1.63-.01.51.24.74.72.75.61,0,1.22,0,1.83,0Z\" fill=\"#fff\"><\/path><path d=\"M40.83,33.44c0-2.4-.01-4.79.01-7.19,0-.35-.28-.6-.63-.58-.68.04-1.37.02-2.05,0-1-.03-1.81-.84-1.82-1.84-.03-2.24-.03-4.48,0-6.72.02-1.02.75-1.73,1.77-1.75,2.24-.03,4.48-.03,6.72,0,.99.01,1.8.83,1.81,1.82.02,2.2.02,4.4,0,6.6,0,1.03-.83,1.86-1.86,1.88-.66.02-1.32.04-1.98,0-.54-.04-.67.14-.67.67.03,2.8.01,5.61.01,8.41,0,1.84,0,3.68,0,5.51,0,.51.11,1.17-.64,1.18-.74.01-.67-.63-.67-1.15,0-2.29,0-4.57,0-6.86ZM39.05,20.54c0,.78.02,1.56,0,2.33-.02.54.1.82.74.82.64,0,.68-.34.65-.81-.02-.28.01-.57,0-.85-.02-.39.14-.56.53-.56.42,0,.85,0,1.27-.05,1.07-.14,1.69-.88,1.69-2,0-1.13-.6-1.82-1.7-1.97-.84-.11-1.69-.07-2.54-.09-.36,0-.63.29-.63.64.02.85,0,1.69,0,2.54Z\" fill=\"#fff\"><\/path><path d=\"M40.43,19.29c-.08-.47.04-.81.73-.77,1.05.06,1.38.24,1.38.9,0,.67-.37.85-1.47.89-.81.03-.62-.49-.64-1.02Z\" fill=\"#fff\"><\/path><\/g><\/g><\/svg>\t\t\t<\/div>\n\t\t<\/div>\n\t\t\t\t\t\t<\/div>\n\t\t<div class=\"elementor-element elementor-element-c25a10e e-con-full e-flex e-con e-child\" data-id=\"c25a10e\" data-element_type=\"container\" data-e-type=\"container\">\n\t\t\t\t<div class=\"elementor-element elementor-element-b306bbd elementor-widget elementor-widget-heading\" data-id=\"b306bbd\" data-element_type=\"widget\" data-e-type=\"widget\" data-widget_type=\"heading.default\">\n\t\t\t\t\t<h2 class=\"elementor-heading-title elementor-size-default\">Solutions<\/h2>\t\t\t\t<\/div>\n\t\t\t\t<div class=\"elementor-element elementor-element-0476c4e elementor-widget elementor-widget-heading\" data-id=\"0476c4e\" data-element_type=\"widget\" data-e-type=\"widget\" data-widget_type=\"heading.default\">\n\t\t\t\t\t<h1 class=\"elementor-heading-title elementor-size-default\">Parking<\/h1>\t\t\t\t<\/div>\n\t\t\t\t<\/div>\n\t\t\t\t<\/div>\n\t\t\t\t<div class=\"elementor-element elementor-element-7dd04d9 elementor-widget elementor-widget-spacer\" data-id=\"7dd04d9\" data-element_type=\"widget\" data-e-type=\"widget\" data-widget_type=\"spacer.default\">\n\t\t\t\t\t\t\t<div class=\"elementor-spacer\">\n\t\t\t<div class=\"elementor-spacer-inner\"><\/div>\n\t\t<\/div>\n\t\t\t\t\t\t<\/div>\n\t\t\t\t<div class=\"elementor-element elementor-element-407c8e0 elementor-align-left elementor-widget elementor-widget-button\" data-id=\"407c8e0\" data-element_type=\"widget\" data-e-type=\"widget\" data-widget_type=\"button.default\">\n\t\t\t\t\t\t\t\t\t\t<a class=\"elementor-button elementor-button-link elementor-size-sm elementor-animation-float\" href=\"https:\/\/scharfstein.cl\/en\/parking\/\">\n\t\t\t\t\t\t<span class=\"elementor-button-content-wrapper\">\n\t\t\t\t\t\t\t\t\t<span class=\"elementor-button-text\">Read more \u2192<\/span>\n\t\t\t\t\t<\/span>\n\t\t\t\t\t<\/a>\n\t\t\t\t\t\t\t\t<\/div>\n\t\t\t\t<\/div>\n\t\t\t\t<\/div>\n\t\t\t\t\t<\/div>\n\t\t\t\t<\/div>\n\t\t\t\t<\/div>","protected":false},"excerpt":{"rendered":"<p>Soluciones Guiado de Estacionamiento Ver m\u00e1s \u2192 Soluciones Parking Ver m\u00e1s \u2192<\/p>","protected":false},"author":1,"featured_media":0,"parent":23,"menu_order":0,"comment_status":"closed","ping_status":"closed","template":"","meta":{"footnotes":""},"class_list":["post-1036","page","type-page","status-publish","hentry"],"yoast_head":"<!-- This site is optimized with the Yoast SEO plugin v27.4 - https:\/\/yoast.com\/product\/yoast-seo-wordpress\/ -->\n<title>Sistemas de Estacionamiento | Scharfstein<\/title>\n<meta name=\"description\" content=\"Conoce Sistemas de Estacionamiento en Scharfstein. Experiencia, trayectoria y enfoque profesional al servicio de cada cliente.\" \/>\n<meta name=\"robots\" content=\"index, follow, max-snippet:-1, max-image-preview:large, max-video-preview:-1\" \/>\n<link rel=\"canonical\" href=\"https:\/\/scharfstein.cl\/en\/soluciones\/sistemas-de-estacionamiento\/\" \/>\n<meta name=\"twitter:card\" content=\"summary_large_image\" \/>\n<meta name=\"twitter:title\" content=\"Sistemas de Estacionamiento | Scharfstein\" \/>\n<meta name=\"twitter:description\" content=\"Conoce Sistemas de Estacionamiento en Scharfstein. Experiencia, trayectoria y enfoque profesional al servicio de cada cliente.\" \/>\n<meta name=\"twitter:label1\" content=\"Est. reading time\" \/>\n\t<meta name=\"twitter:data1\" content=\"1 minute\" \/>\n<!-- \/ Yoast SEO plugin. -->","yoast_head_json":{"title":"Sistemas de Estacionamiento | Scharfstein","description":"Conoce Sistemas de Estacionamiento en Scharfstein. Experiencia, trayectoria y enfoque profesional al servicio de cada cliente.","robots":{"index":"index","follow":"follow","max-snippet":"max-snippet:-1","max-image-preview":"max-image-preview:large","max-video-preview":"max-video-preview:-1"},"canonical":"https:\/\/scharfstein.cl\/en\/soluciones\/sistemas-de-estacionamiento\/","twitter_card":"summary_large_image","twitter_title":"Sistemas de Estacionamiento | Scharfstein","twitter_description":"Conoce Sistemas de Estacionamiento en Scharfstein. Experiencia, trayectoria y enfoque profesional al servicio de cada cliente.","twitter_misc":{"Est. reading time":"1 minute"},"schema":{"@context":"https:\/\/schema.org","@graph":[{"@type":"WebPage","@id":"https:\/\/scharfstein.cl\/soluciones\/sistemas-de-estacionamiento\/","url":"https:\/\/scharfstein.cl\/soluciones\/sistemas-de-estacionamiento\/","name":"Sistemas de Estacionamiento | Scharfstein","isPartOf":{"@id":"https:\/\/scharfstein.cl\/#website"},"datePublished":"2025-08-06T15:32:18+00:00","dateModified":"2026-03-24T14:23:06+00:00","description":"Conoce Sistemas de Estacionamiento en Scharfstein. Experiencia, trayectoria y enfoque profesional al servicio de cada cliente.","breadcrumb":{"@id":"https:\/\/scharfstein.cl\/soluciones\/sistemas-de-estacionamiento\/#breadcrumb"},"inLanguage":"en-US","potentialAction":[{"@type":"ReadAction","target":["https:\/\/scharfstein.cl\/soluciones\/sistemas-de-estacionamiento\/"]}]},{"@type":"BreadcrumbList","@id":"https:\/\/scharfstein.cl\/soluciones\/sistemas-de-estacionamiento\/#breadcrumb","itemListElement":[{"@type":"ListItem","position":1,"name":"Scharfstein","item":"https:\/\/scharfstein.cl\/"},{"@type":"ListItem","position":2,"name":"Soluciones","item":"https:\/\/scharfstein.cl\/soluciones\/"},{"@type":"ListItem","position":3,"name":"Sistemas de Estacionamiento"}]},{"@type":"WebSite","@id":"https:\/\/scharfstein.cl\/#website","url":"https:\/\/scharfstein.cl\/","name":"Scharfstein","description":"Scharfstein S.A Chile: Hacemos f\u00e1cil la vida a trav\u00e9s de la tecnolog\u00eda. Fono: (+56 2) 2550 0000. Estacionamiento, Seguridad y Comunicaciones","publisher":{"@id":"https:\/\/scharfstein.cl\/#organization"},"alternateName":"Scharfstein","potentialAction":[{"@type":"SearchAction","target":{"@type":"EntryPoint","urlTemplate":"https:\/\/scharfstein.cl\/?s={search_term_string}"},"query-input":{"@type":"PropertyValueSpecification","valueRequired":true,"valueName":"search_term_string"}}],"inLanguage":"en-US"},{"@type":"Organization","@id":"https:\/\/scharfstein.cl\/#organization","name":"Scharfstein","alternateName":"Scharfstein","url":"https:\/\/scharfstein.cl\/","logo":{"@type":"ImageObject","inLanguage":"en-US","@id":"https:\/\/scharfstein.cl\/#\/schema\/logo\/image\/","url":"https:\/\/scharfstein.cl\/wp-content\/uploads\/2025\/08\/logo-scharfstein-para-form.png","contentUrl":"https:\/\/scharfstein.cl\/wp-content\/uploads\/2025\/08\/logo-scharfstein-para-form.png","width":200,"height":60,"caption":"Scharfstein"},"image":{"@id":"https:\/\/scharfstein.cl\/#\/schema\/logo\/image\/"},"sameAs":["https:\/\/www.linkedin.com\/company\/scharfstein-sa\/"]}]}},"_links":{"self":[{"href":"https:\/\/scharfstein.cl\/en\/wp-json\/wp\/v2\/pages\/1036","targetHints":{"allow":["GET"]}}],"collection":[{"href":"https:\/\/scharfstein.cl\/en\/wp-json\/wp\/v2\/pages"}],"about":[{"href":"https:\/\/scharfstein.cl\/en\/wp-json\/wp\/v2\/types\/page"}],"author":[{"embeddable":true,"href":"https:\/\/scharfstein.cl\/en\/wp-json\/wp\/v2\/users\/1"}],"replies":[{"embeddable":true,"href":"https:\/\/scharfstein.cl\/en\/wp-json\/wp\/v2\/comments?post=1036"}],"version-history":[{"count":5,"href":"https:\/\/scharfstein.cl\/en\/wp-json\/wp\/v2\/pages\/1036\/revisions"}],"predecessor-version":[{"id":15558,"href":"https:\/\/scharfstein.cl\/en\/wp-json\/wp\/v2\/pages\/1036\/revisions\/15558"}],"up":[{"embeddable":true,"href":"https:\/\/scharfstein.cl\/en\/wp-json\/wp\/v2\/pages\/23"}],"wp:attachment":[{"href":"https:\/\/scharfstein.cl\/en\/wp-json\/wp\/v2\/media?parent=1036"}],"curies":[{"name":"wp","href":"https:\/\/api.w.org\/{rel}","templated":true}]}}